{"id":10202,"date":"2025-09-03T11:04:50","date_gmt":"2025-09-03T11:04:50","guid":{"rendered":"https:\/\/aramiso-test.verteco.app\/?product=patina-strieborna-220ml-ag"},"modified":"2025-09-03T11:04:50","modified_gmt":"2025-09-03T11:04:50","slug":"patina-strieborna-220ml-ag","status":"publish","type":"product","link":"https:\/\/aramiso-test.verteco.app\/?product=patina-strieborna-220ml-ag","title":{"rendered":"Patina strieborn\u00e1 220ml, Ag"},"content":{"rendered":"<p>Pou\u017e\u00edva sa na patinovanie plotov, br\u00e1n, br\u00e1nok, z\u00e1bradl\u00ed, mre\u017e\u00ed a in\u00fdch kovan\u00fdch v\u00fdrobkov, doplnkov, d\u00e1va v\u00fdrobku dobov\u00fd vzh\u013ead, zv\u00fdraz\u0148uje nerovnosti napr. zdoben\u00fdch materi\u00e1lov, kovan\u00e9ho \u017eeleza. Nan\u00e1\u0161a sa polosuch\u00fdm \u0161tetcom na vopred farbou povrchovo upraven\u00fd v\u00fdrobok (vhodn\u00e9 farby n\u00e1jdete v sekcii &#8220;Dom, diel\u0148a, z\u00e1hrada &#8211; Farby, patiny&#8221;). V pr\u00edpade potreby sa ried\u00ed polyvinylov\u00fdm riedilom.<\/p>\n","protected":false},"excerpt":{"rendered":"<p>Vzh\u013ead: Strieborn\u00e1, Podklad: Zn, Al, Fe, PVC, Drevo, Bet\u00f3n<\/p>\n","protected":false},"featured_media":0,"comment_status":"closed","ping_status":"open","template":"","meta":[],"product_brand":[],"product_cat":[15],"product_tag":[],"class_list":{"0":"post-10202","1":"product","2":"type-product","3":"status-publish","5":"product_cat-uncategorized","7":"first","8":"instock","9":"sale","10":"purchasable","11":"product-type-simple"},"_links":{"self":[{"href":"https:\/\/aramiso-test.verteco.app\/index.php?rest_route=\/wp\/v2\/product\/10202","targetHints":{"allow":["GET"]}}],"collection":[{"href":"https:\/\/aramiso-test.verteco.app\/index.php?rest_route=\/wp\/v2\/product"}],"about":[{"href":"https:\/\/aramiso-test.verteco.app\/index.php?rest_route=\/wp\/v2\/types\/product"}],"replies":[{"embeddable":true,"href":"https:\/\/aramiso-test.verteco.app\/index.php?rest_route=%2Fwp%2Fv2%2Fcomments&post=10202"}],"wp:attachment":[{"href":"https:\/\/aramiso-test.verteco.app\/index.php?rest_route=%2Fwp%2Fv2%2Fmedia&parent=10202"}],"wp:term":[{"taxonomy":"product_brand","embeddable":true,"href":"https:\/\/aramiso-test.verteco.app\/index.php?rest_route=%2Fwp%2Fv2%2Fproduct_brand&post=10202"},{"taxonomy":"product_cat","embeddable":true,"href":"https:\/\/aramiso-test.verteco.app\/index.php?rest_route=%2Fwp%2Fv2%2Fproduct_cat&post=10202"},{"taxonomy":"product_tag","embeddable":true,"href":"https:\/\/aramiso-test.verteco.app\/index.php?rest_route=%2Fwp%2Fv2%2Fproduct_tag&post=10202"}],"curies":[{"name":"wp","href":"https:\/\/api.w.org\/{rel}","templated":true}]}}