{"id":10196,"date":"2025-08-03T12:12:02","date_gmt":"2025-08-03T12:12:02","guid":{"rendered":"https:\/\/aramiso-test.verteco.app\/?product=riedidlo-polyvinylove-5l"},"modified":"2025-08-03T12:12:03","modified_gmt":"2025-08-03T12:12:03","slug":"riedidlo-polyvinylove-5l","status":"publish","type":"product","link":"https:\/\/aramiso-test.verteco.app\/?product=riedidlo-polyvinylove-5l","title":{"rendered":"Riedidlo polyvinylov\u00e9 5L"},"content":{"rendered":"<p>Vhodn\u00e9 na riedenie farieb na polyvinylovej b\u00e1ze (J10\/01, J10\/02&#8230;). Doporu\u010den\u00e9 mno\u017estvo riedidla je max. 10% z objemu farby, t.j. do 1L farby max. 0,1L riedidla. Po pou\u017eit\u00ed v\u00e4\u010d\u0161ieho mno\u017estva riedidla mo\u017ee d\u00f4js\u0165 k znehodnoteniu farby, n\u00e1ter sa mo\u017ee o\u0161uch\u00e1va\u0165, nebude ma\u0165 po\u017eadovan\u00fa kryciu schopnos\u0165.<\/p>\n","protected":false},"excerpt":{"rendered":"<p>Materi\u00e1l: Ch\u00e9mia<\/p>\n","protected":false},"featured_media":0,"comment_status":"closed","ping_status":"open","template":"","meta":[],"product_brand":[],"product_cat":[15],"product_tag":[],"class_list":{"0":"post-10196","1":"product","2":"type-product","3":"status-publish","5":"product_cat-uncategorized","7":"first","8":"onbackorder","9":"sale","10":"purchasable","11":"product-type-simple"},"_links":{"self":[{"href":"https:\/\/aramiso-test.verteco.app\/index.php?rest_route=\/wp\/v2\/product\/10196","targetHints":{"allow":["GET"]}}],"collection":[{"href":"https:\/\/aramiso-test.verteco.app\/index.php?rest_route=\/wp\/v2\/product"}],"about":[{"href":"https:\/\/aramiso-test.verteco.app\/index.php?rest_route=\/wp\/v2\/types\/product"}],"replies":[{"embeddable":true,"href":"https:\/\/aramiso-test.verteco.app\/index.php?rest_route=%2Fwp%2Fv2%2Fcomments&post=10196"}],"wp:attachment":[{"href":"https:\/\/aramiso-test.verteco.app\/index.php?rest_route=%2Fwp%2Fv2%2Fmedia&parent=10196"}],"wp:term":[{"taxonomy":"product_brand","embeddable":true,"href":"https:\/\/aramiso-test.verteco.app\/index.php?rest_route=%2Fwp%2Fv2%2Fproduct_brand&post=10196"},{"taxonomy":"product_cat","embeddable":true,"href":"https:\/\/aramiso-test.verteco.app\/index.php?rest_route=%2Fwp%2Fv2%2Fproduct_cat&post=10196"},{"taxonomy":"product_tag","embeddable":true,"href":"https:\/\/aramiso-test.verteco.app\/index.php?rest_route=%2Fwp%2Fv2%2Fproduct_tag&post=10196"}],"curies":[{"name":"wp","href":"https:\/\/api.w.org\/{rel}","templated":true}]}}