{"id":10191,"date":"2025-08-03T12:10:52","date_gmt":"2025-08-03T12:10:52","guid":{"rendered":"https:\/\/aramiso-test.verteco.app\/?product=farba-polyvinylova-grafit-rustical-10kg-08l"},"modified":"2025-08-03T12:11:04","modified_gmt":"2025-08-03T12:11:04","slug":"farba-polyvinylova-grafit-rustical-10kg-08l","status":"publish","type":"product","link":"https:\/\/aramiso-test.verteco.app\/?product=farba-polyvinylova-grafit-rustical-10kg-08l","title":{"rendered":"Farba polyvinylov\u00e1, grafit RUSTICAL 1,0kg (0,8L)"},"content":{"rendered":"<p>BATO Rustikal &#8211; polyvinylov\u00e1 farba je ur\u010den\u00e1 na priame lakovanie oce\u013eov\u00fdch, liatinov\u00fdch a pozinkovan\u00fdch povrchov s cie\u013eom doda\u0165 im dekorat\u00edvnu text\u00faru kovov\u00e9ho lesku pripom\u00ednaj\u00faceho pieskovan\u00fa oce\u013e. Po naneseni farby na v\u00fdrobok a uschnut\u00ed (cca 24 hod.) je mo\u017en\u00e9 prejs\u0165 po v\u00fdrobku suchou drsnou handrou, alebo mosadzn\u00fdm kart\u00e1\u010dom, zotrie sa vrchn\u00e1 vrstva , n\u00e1sledne bude vidite\u013en\u00e1 spodn\u00e1 vrstva farby (v nej su ve\u013emi jemn\u00e9 hlinikov\u00e9 \u010dastice), na v\u00fdrobku sa zo\u0161uchan\u00edm vrchnej vrstvy vytvor\u00ed efekt striebornej patiny &#8211; tzv. RUSTIK\u00c1L. Tento efekt sa na v\u00fdrobku prejav\u00ed aj p\u00f4soben\u00edm poveternostn\u00fdch vplyvov, napr. d\u00e1\u017e\u010f vytvor\u00ed RUSTIK\u00c1L-ny efekt na v\u00fdrobku.<br \/>\nV\u010faka svojmu mimoriadne dekorat\u00edvnemu n\u00e1teru sa pou\u017e\u00edva na n\u00e1tery br\u00e1n a plotov, st\u013apov osvetlenia, pam\u00e4tn\u00fdch tab\u00fa\u013e, ozdobn\u00fdch z\u00e1bradl\u00ed a pod.<br \/>\nRied\u00ed sa polyvinylov\u00fdm riedidlom (alebo acet\u00f3nom C6000, bez z\u00e1ruky), maxim\u00e1lne mno\u017estvo riedidla je 10% z objemu farby.<br \/>\nPr\u00edprava povrchu:<br \/>\nPred nanesen\u00edm polyvinylovej farby o\u010distite povrch odstr\u00e1nen\u00edm oxidov, mastnoty, ne\u010dist\u00f4t alebo star\u00e9ho n\u00e1teru. Pre silne zoxidovan\u00e9 povrchy m\u00f4\u017ee by\u0165 potrebn\u00e9 mierne abraz\u00edvne otryskanie alebo mechanick\u00e9 br\u00fasenie.<br \/>\nV\u00fddatnos\u0165: 9m2\/l<br \/>\nTechnick\u00fd list k farbe je v s\u00faboroch na stiahnutie.<\/p>\n","protected":false},"excerpt":{"rendered":"<p>Vzh\u013ead: Grafitov\u00e1, Typ\/zlo\u017eenie: Polyvinyl, Podklad: Zn, Al, Fe, PVC, Drevo, Bet\u00f3n, Vzh\u013ead &#8211; efekt: Rustik\u00e1lny<\/p>\n","protected":false},"featured_media":0,"comment_status":"closed","ping_status":"open","template":"","meta":[],"product_brand":[],"product_cat":[15],"product_tag":[],"class_list":{"0":"post-10191","1":"product","2":"type-product","3":"status-publish","5":"product_cat-uncategorized","7":"first","8":"onbackorder","9":"sale","10":"purchasable","11":"product-type-simple"},"_links":{"self":[{"href":"https:\/\/aramiso-test.verteco.app\/index.php?rest_route=\/wp\/v2\/product\/10191","targetHints":{"allow":["GET"]}}],"collection":[{"href":"https:\/\/aramiso-test.verteco.app\/index.php?rest_route=\/wp\/v2\/product"}],"about":[{"href":"https:\/\/aramiso-test.verteco.app\/index.php?rest_route=\/wp\/v2\/types\/product"}],"replies":[{"embeddable":true,"href":"https:\/\/aramiso-test.verteco.app\/index.php?rest_route=%2Fwp%2Fv2%2Fcomments&post=10191"}],"wp:attachment":[{"href":"https:\/\/aramiso-test.verteco.app\/index.php?rest_route=%2Fwp%2Fv2%2Fmedia&parent=10191"}],"wp:term":[{"taxonomy":"product_brand","embeddable":true,"href":"https:\/\/aramiso-test.verteco.app\/index.php?rest_route=%2Fwp%2Fv2%2Fproduct_brand&post=10191"},{"taxonomy":"product_cat","embeddable":true,"href":"https:\/\/aramiso-test.verteco.app\/index.php?rest_route=%2Fwp%2Fv2%2Fproduct_cat&post=10191"},{"taxonomy":"product_tag","embeddable":true,"href":"https:\/\/aramiso-test.verteco.app\/index.php?rest_route=%2Fwp%2Fv2%2Fproduct_tag&post=10191"}],"curies":[{"name":"wp","href":"https:\/\/api.w.org\/{rel}","templated":true}]}}