{"id":10188,"date":"2025-10-26T12:23:02","date_gmt":"2025-10-26T12:23:02","guid":{"rendered":"https:\/\/aramiso-test.verteco.app\/?product=farba-s-vysokym-obsahom-zinku-90-025l"},"modified":"2025-10-26T12:23:08","modified_gmt":"2025-10-26T12:23:08","slug":"farba-s-vysokym-obsahom-zinku-90-025l","status":"publish","type":"product","link":"https:\/\/aramiso-test.verteco.app\/?product=farba-s-vysokym-obsahom-zinku-90-025l","title":{"rendered":"Farba s vysok\u00fdm obsahom zinku 90%, 0,25L"},"content":{"rendered":"<div>WS-Zink\u00ae 80\/81<br \/>\nOsved\u010den\u00e1 opravn\u00e1 farba s vysok\u00fdm obsahom zinku na v\u0161etky druhy \u017eiarovo pozinkovan\u00fdch dielov s viac ako 90 % kovov\u00e9ho zinkov\u00e9ho prachu v pigmente pod\u013ea DIN EN ISO 1461.<br \/>\nWS-Zink\u00ae 80\/81 je pastovit\u00e1, v\u010faka \u010domu m\u00f4\u017ee dosiahnu\u0165 vysok\u00fa hr\u00fabku filmu v jednej aplik\u00e1ci\u00ed, \u013eahko roztierate\u013en\u00e1<\/p>\n<p>Tixotropn\u00fd, pastovit\u00fd<br \/>\nOdoln\u00fd vo\u010di teplote do cca. 300 \u00b0C<br \/>\nLesk podobn\u00fd zinku<br \/>\nVyhovuje EN ISO 1461<br \/>\nViac ako 90% obsah kovov\u00e9ho zinku v suchom filme<br \/>\nHr\u00fabka vrstvy 100 my na oper\u00e1ciu<br \/>\nObsahuje rozp\u00fa\u0161\u0165adl\u00e1<br \/>\nR\u00fdchle schnutie<br \/>\nJednoduch\u00e9 spracovanie<br \/>\nOdoln\u00fd vo\u010di poveternostn\u00fdm vplyvom<\/p>\n<p>Pr\u00edprava povrchu:<br \/>\nPre \u017eiarovo pozinkovan\u00e9 podklady, hlin\u00edkov\u00e9 podklady, negalvanizovan\u00fa oce\u013e a star\u00e9 n\u00e1tery by sa mali pou\u017ei\u0165 r\u00f4zne pred\u00fapravy. V\u0161imnite si k tomu technick\u00fd list produktu.<br \/>\n<br \/>\nAplik\u00e1cia:<br \/>\nSpracovanie m\u00f4\u017ee by\u0165 vykonan\u00e9 \u0161tetcom, valcovan\u00edm, konven\u010dn\u00fdm alebo airless striekan\u00edm. Pred pou\u017eit\u00edm dobre premie\u0161ajte. \u010eal\u0161ie inform\u00e1cie (spracovanie, vstrekovac\u00ed tlak at\u010f.) n\u00e1jdete v produktovom liste.<br \/>\n<br \/>\nDoba schnutia:<br \/>\nSuch\u00e9: cca. 15 min\u00fat<br \/>\nOdolnos\u0165 proti dotyku: pribli\u017ene 45 min\u00fat<br \/>\n\u00daplne such\u00e9: asi 2-3 dni<\/p>\n<p>Produktivita:<br \/>\nPribli\u017ene. 250 &#8211; 350 g \/ m<sup>2<\/sup> na n\u00e1ter\n<\/div>\n","protected":false},"excerpt":{"rendered":"<p>WS-Zink\u00ae 80\/81 Osved\u010den\u00e1 opravn\u00e1 farba s vysok\u00fdm obsahom zinku na v\u0161etky druhy \u017eiarovo pozinkovan\u00fdch dielov s viac ako 90 % kovov\u00e9ho zinkov\u00e9ho prachu v pigmente pod\u013ea DIN EN ISO 1461. WS-Zink\u00ae 80\/81 je pastovit\u00e1, v\u010faka \u010domu m\u00f4\u017ee dosiahnu\u0165 vysok\u00fa hr\u00fabku filmu v jednej aplik\u00e1ci\u00ed, \u013eahko roztierate\u013en\u00e1 Tixotropn\u00fd, pastovit\u00fd Odoln\u00fd vo\u010di teplote do cca. 300 \u00b0C [&hellip;]<\/p>\n","protected":false},"featured_media":0,"comment_status":"closed","ping_status":"open","template":"","meta":[],"product_brand":[],"product_cat":[15],"product_tag":[],"class_list":{"0":"post-10188","1":"product","2":"type-product","3":"status-publish","5":"product_cat-uncategorized","7":"first","8":"instock","9":"sale","10":"purchasable","11":"product-type-simple"},"_links":{"self":[{"href":"https:\/\/aramiso-test.verteco.app\/index.php?rest_route=\/wp\/v2\/product\/10188","targetHints":{"allow":["GET"]}}],"collection":[{"href":"https:\/\/aramiso-test.verteco.app\/index.php?rest_route=\/wp\/v2\/product"}],"about":[{"href":"https:\/\/aramiso-test.verteco.app\/index.php?rest_route=\/wp\/v2\/types\/product"}],"replies":[{"embeddable":true,"href":"https:\/\/aramiso-test.verteco.app\/index.php?rest_route=%2Fwp%2Fv2%2Fcomments&post=10188"}],"wp:attachment":[{"href":"https:\/\/aramiso-test.verteco.app\/index.php?rest_route=%2Fwp%2Fv2%2Fmedia&parent=10188"}],"wp:term":[{"taxonomy":"product_brand","embeddable":true,"href":"https:\/\/aramiso-test.verteco.app\/index.php?rest_route=%2Fwp%2Fv2%2Fproduct_brand&post=10188"},{"taxonomy":"product_cat","embeddable":true,"href":"https:\/\/aramiso-test.verteco.app\/index.php?rest_route=%2Fwp%2Fv2%2Fproduct_cat&post=10188"},{"taxonomy":"product_tag","embeddable":true,"href":"https:\/\/aramiso-test.verteco.app\/index.php?rest_route=%2Fwp%2Fv2%2Fproduct_tag&post=10188"}],"curies":[{"name":"wp","href":"https:\/\/api.w.org\/{rel}","templated":true}]}}