{"id":10187,"date":"2025-10-26T12:24:02","date_gmt":"2025-10-26T12:24:02","guid":{"rendered":"https:\/\/aramiso-test.verteco.app\/?product=antikorozna-polomatna-farba-grafit-25l"},"modified":"2025-10-26T12:24:02","modified_gmt":"2025-10-26T12:24:02","slug":"antikorozna-polomatna-farba-grafit-25l","status":"publish","type":"product","link":"https:\/\/aramiso-test.verteco.app\/?product=antikorozna-polomatna-farba-grafit-25l","title":{"rendered":"Antikor\u00f3zna polomatn\u00e1 farba, grafit, 2,5L"},"content":{"rendered":"<p>Farba antikor\u00f3zna polomatn\u00e1 na zinok a hlin\u00edk.<br \/>\nKompatibiln\u00e1 so sprejom <a title=\"J08\/01-GRAPHITE\" href=\"https:\/\/umakov.sk\/spray-antikorozna-farba-v-spreji-grafit-400-ml-64ffaa5495cf33001ce45fbf\">J08\/01-GRAPHITE<\/a> <br \/>\nWS-Plast\u00ae M 4200 EG &#8211; je VC-kopolym\u00e9r, priamo lepiaci tekut\u00fd plast na zinkov\u00e9 a hlin\u00edkov\u00e9 povrchy.<br \/>\nHrub\u00e1 f\u00f3lia WS-Plast\u00ae M 4200 EG sa valcuje, strieka alebo natiera na \u010derstvo \u017eiarovo zinkovan\u00fa oce\u013e alebo neeloxovan\u00fd hlin\u00edk.<br \/>\nWS-Plast\u00ae hrub\u00e1 f\u00f3lia M 4200 EG je elektrostaticky nastavovan\u00e1.<br \/>\n\u017diarovo pozinkovan\u00e9 + WS-Plast\u00ae = dekorat\u00edvna ochrana na desa\u0165ro\u010dia.<\/p>\n<p>Vysoko odoln\u00fd vo\u010di svetlu a poveternostn\u00fdm vplyvom<br \/>\nNekvapk\u00e1<br \/>\nVyhovuje EN ISO 12944-5 Tabu\u013eka A9 (duplexn\u00e9 syst\u00e9my)<\/p>\n<p>Pr\u00edprava povrchu:<br \/>\nPre \u017eiarovo pozinkovan\u00e9 podklady, hlin\u00edkov\u00e9 podklady, negalvanizovan\u00fa oce\u013e a star\u00e9 n\u00e1tery by sa mali pou\u017ei\u0165 r\u00f4zne pred\u00fapravy. V\u0161imnite si pros\u00edm technick\u00fd list produktu a inform\u00e1cie o spracovan\u00ed.<br \/>\n<br \/>\nAplik\u00e1cia:<br \/>\nSpracovanie m\u00f4\u017ee by\u0165 vykonan\u00e9 \u0161tetcom, valcovan\u00edm, konven\u010dn\u00fdm alebo airless striekan\u00edm. V\u0161etky elektrostatick\u00e9 met\u00f3dy s\u00fa pou\u017eite\u013en\u00e9. Pred pou\u017eit\u00edm dobre premie\u0161ajte. \u010eal\u0161ie inform\u00e1cie (riedenie, vstrekovac\u00ed tlak at\u010f.) n\u00e1jdete v produktovom liste a inform\u00e1ci\u00e1ch o spracovan\u00ed.<br \/>\n<br \/>\nDoba schnutia:<br \/>\nSuch\u00e9: cca. 20 min\u00fat<br \/>\nPretierate\u013en\u00fd: cca. 1-2 hodiny<br \/>\nOdolnos\u0165 proti dotyku: pribli\u017ene 2 hodiny<br \/>\n\u00daplne such\u00e9: asi 1-2 dni<\/p>\n<p>Produktivita<br \/>\n250 g na m<sup>2<\/sup> m\u00e1 za n\u00e1sledok 80 my such\u00e9ho filmu = odpor\u00fa\u010dan\u00e1 minim\u00e1lna hr\u00fabka vrstvy. Pri pou\u017eit\u00ed v bl\u00edzkosti pobre\u017eia a v prostred\u00ed kontaminovanom cestnou so\u013eou sa vy\u017eaduje najmenej 160 my.<\/p>\n","protected":false},"excerpt":{"rendered":"<p>Vzh\u013ead: Grafit<\/p>\n","protected":false},"featured_media":0,"comment_status":"closed","ping_status":"open","template":"","meta":[],"product_brand":[],"product_cat":[15],"product_tag":[],"class_list":{"0":"post-10187","1":"product","2":"type-product","3":"status-publish","5":"product_cat-uncategorized","7":"first","8":"instock","9":"sale","10":"purchasable","11":"product-type-simple"},"_links":{"self":[{"href":"https:\/\/aramiso-test.verteco.app\/index.php?rest_route=\/wp\/v2\/product\/10187","targetHints":{"allow":["GET"]}}],"collection":[{"href":"https:\/\/aramiso-test.verteco.app\/index.php?rest_route=\/wp\/v2\/product"}],"about":[{"href":"https:\/\/aramiso-test.verteco.app\/index.php?rest_route=\/wp\/v2\/types\/product"}],"replies":[{"embeddable":true,"href":"https:\/\/aramiso-test.verteco.app\/index.php?rest_route=%2Fwp%2Fv2%2Fcomments&post=10187"}],"wp:attachment":[{"href":"https:\/\/aramiso-test.verteco.app\/index.php?rest_route=%2Fwp%2Fv2%2Fmedia&parent=10187"}],"wp:term":[{"taxonomy":"product_brand","embeddable":true,"href":"https:\/\/aramiso-test.verteco.app\/index.php?rest_route=%2Fwp%2Fv2%2Fproduct_brand&post=10187"},{"taxonomy":"product_cat","embeddable":true,"href":"https:\/\/aramiso-test.verteco.app\/index.php?rest_route=%2Fwp%2Fv2%2Fproduct_cat&post=10187"},{"taxonomy":"product_tag","embeddable":true,"href":"https:\/\/aramiso-test.verteco.app\/index.php?rest_route=%2Fwp%2Fv2%2Fproduct_tag&post=10187"}],"curies":[{"name":"wp","href":"https:\/\/api.w.org\/{rel}","templated":true}]}}