{"id":10185,"date":"2025-10-26T12:23:02","date_gmt":"2025-10-26T12:23:02","guid":{"rendered":"https:\/\/aramiso-test.verteco.app\/?product=antikorozna-polomatna-farba-antracit-25l"},"modified":"2025-10-26T12:23:08","modified_gmt":"2025-10-26T12:23:08","slug":"antikorozna-polomatna-farba-antracit-25l","status":"publish","type":"product","link":"https:\/\/aramiso-test.verteco.app\/?product=antikorozna-polomatna-farba-antracit-25l","title":{"rendered":"Antikor\u00f3zna polomatn\u00e1 farba, antracit, 2,5L"},"content":{"rendered":"<p>Antracitov\u00e1 antikor\u00f3zna polomatn\u00e1 farba vhodn\u00e1 na zinok a hlin\u00edk.<br \/>\nFarba je kompatibiln\u00e1 so sprejom <a title=\"J08\/01-ANTHRACITE\" href=\"https:\/\/umakov.sk\/spray-antikorozna-farba-v-spreji-antracit-400-ml-6500fbce95cf33001ce45fe2\">J08\/01-ANTHRACITE<\/a> <\/p>\n<p>WS-Plast\u00ae Thick Film M 4200 je \u010dist\u00fd akryl\u00e1tov\u00fd n\u00e1terov\u00fd syst\u00e9m, ktor\u00fd v\u010faka svojmu \u0161peci\u00e1lnemu zlo\u017eeniu pri\u013ene k zinkov\u00fdm a hlin\u00edkov\u00fdm povrchom bez pou\u017eitia z\u00e1kladn\u00e9ho n\u00e1teru.<br \/>\nJe vhodn\u00fd na pou\u017eitie ako duplexn\u00fd syst\u00e9m (\u017eiarov\u00e9 zinkovanie plus povrchov\u00e1 \u00faprava) v z\u00e1vislosti od hr\u00fabky vrstvy a okolit\u00fdch podmienok pre povrchov\u00fa \u00fapravu. pod\u013ea EN ISO 12944.<br \/>\nJe vhodn\u00fd aj na n\u00e1tery \u017eiarovo pozinkovan\u00fdch ohr\u00e1d, br\u00e1n, balk\u00f3nov\u00fdch z\u00e1bradl\u00ed, svietidiel, \u017e\u013eabov, oce\u013eov\u00fdch kon\u0161trukci\u00ed, kov\u00e1\u010dstva, ako aj neeloxovan\u00fdch hlin\u00edkov\u00fdch komponentov ako s\u00fa verandy, sto\u017eiare, opl\u00e1\u0161tenie a pod.<br \/>\nV\u017edy elektrostaticky nastaven\u00e9.<br \/>\nWS-Plast\u00ae M 4200 mo\u017eno valcova\u0165, strieka\u0165 alebo natiera\u0165.<\/p>\n<p>Tixotropn\u00fd<br \/>\nS obsahom rozp\u00fa\u0161\u0165adla<br \/>\nPolomat<br \/>\nOdoln\u00fd vo\u010di teplote do cca. 80 \u00b0C<br \/>\nVysok\u00e9 krytie<br \/>\nPriamo pri\u013enav\u00fd na zinok a hlin\u00edk<br \/>\nMie\u0161ate\u013en\u00fd pod\u013ea RAL<br \/>\nOdoln\u00fd vo\u010di poveternostn\u00fdm vplyvom<br \/>\nR\u00fdchle schnutie<\/p>\n<p>Pr\u00edprava povrchu:<br \/>\nPre \u017eiarovo pozinkovan\u00e9 povrchy, hlin\u00edkov\u00e9 povrchy, negalvanizovan\u00fa oce\u013e a star\u00e9 n\u00e1tery by sa mali pou\u017ei\u0165 r\u00f4zne pred\u00fapravy. V\u0161imnite si pros\u00edm technick\u00fd list produktu a inform\u00e1cie o spracovan\u00ed.<br \/>\n<br \/>\nAplik\u00e1cia:<br \/>\nSpracovanie m\u00f4\u017ee by\u0165 vykonan\u00e9 \u0161tetcom, valcovan\u00edm, konven\u010dn\u00fdm alebo airless striekan\u00edm. V\u0161etky elektrostatick\u00e9 met\u00f3dy s\u00fa pou\u017eite\u013en\u00e9. Pred pou\u017eit\u00edm dobre premie\u0161ajte. \u010eal\u0161ie inform\u00e1cie (riedenie, vstrekovac\u00ed tlak at\u010f.) n\u00e1jdete v produktovom liste a inform\u00e1ci\u00e1ch o spracovan\u00ed.<br \/>\n<br \/>\nDoba schnutia:<br \/>\nSuch\u00e9: cca. 20 min\u00fat<br \/>\nPretierate\u013en\u00fd: cca. 1-2 hodiny<br \/>\nOdolnos\u0165 proti dotyku: pribli\u017ene 2 hodiny<br \/>\n\u00daplne such\u00e9: asi 1-2 dni<\/p>\n<p>Produktivita:<br \/>\n250 g na m<sup>2<\/sup> m\u00e1 za n\u00e1sledok 80 my such\u00e9ho filmu = odpor\u00fa\u010dan\u00e1 minim\u00e1lna hr\u00fabka vrstvy. Pri pou\u017eit\u00ed v bl\u00edzkosti pobre\u017eia a v prostred\u00ed kontaminovanom cestnou so\u013eou sa vy\u017eaduje najmenej 160 my.<\/p>\n","protected":false},"excerpt":{"rendered":"<p>Vzh\u013ead: Antracit RAL7016<\/p>\n","protected":false},"featured_media":0,"comment_status":"closed","ping_status":"open","template":"","meta":[],"product_brand":[],"product_cat":[15],"product_tag":[],"class_list":{"0":"post-10185","1":"product","2":"type-product","3":"status-publish","5":"product_cat-uncategorized","7":"first","8":"instock","9":"sale","10":"purchasable","11":"product-type-simple"},"_links":{"self":[{"href":"https:\/\/aramiso-test.verteco.app\/index.php?rest_route=\/wp\/v2\/product\/10185","targetHints":{"allow":["GET"]}}],"collection":[{"href":"https:\/\/aramiso-test.verteco.app\/index.php?rest_route=\/wp\/v2\/product"}],"about":[{"href":"https:\/\/aramiso-test.verteco.app\/index.php?rest_route=\/wp\/v2\/types\/product"}],"replies":[{"embeddable":true,"href":"https:\/\/aramiso-test.verteco.app\/index.php?rest_route=%2Fwp%2Fv2%2Fcomments&post=10185"}],"wp:attachment":[{"href":"https:\/\/aramiso-test.verteco.app\/index.php?rest_route=%2Fwp%2Fv2%2Fmedia&parent=10185"}],"wp:term":[{"taxonomy":"product_brand","embeddable":true,"href":"https:\/\/aramiso-test.verteco.app\/index.php?rest_route=%2Fwp%2Fv2%2Fproduct_brand&post=10185"},{"taxonomy":"product_cat","embeddable":true,"href":"https:\/\/aramiso-test.verteco.app\/index.php?rest_route=%2Fwp%2Fv2%2Fproduct_cat&post=10185"},{"taxonomy":"product_tag","embeddable":true,"href":"https:\/\/aramiso-test.verteco.app\/index.php?rest_route=%2Fwp%2Fv2%2Fproduct_tag&post=10185"}],"curies":[{"name":"wp","href":"https:\/\/api.w.org\/{rel}","templated":true}]}}