{"id":10178,"date":"2025-10-26T12:23:02","date_gmt":"2025-10-26T12:23:02","guid":{"rendered":"https:\/\/aramiso-test.verteco.app\/?product=farba-polyvinylova-biela-ral9003-satin-1kg-08l"},"modified":"2025-10-26T12:23:06","modified_gmt":"2025-10-26T12:23:06","slug":"farba-polyvinylova-biela-ral9003-satin-1kg-08l","status":"publish","type":"product","link":"https:\/\/aramiso-test.verteco.app\/?product=farba-polyvinylova-biela-ral9003-satin-1kg-08l","title":{"rendered":"Farba polyvinylov\u00e1, biela RAL9003 satin 1kg (0,8L)"},"content":{"rendered":"<p>Farba je ur\u010den\u00e1 na povrchy pozinkovan\u00e9, hlin\u00edkov\u00e9 a oce\u013eov\u00e9 , na renov\u00e1cie star\u00fdch n\u00e1terov<br \/>\nna pozinkovan\u00fdch oce\u013eov\u00fdch plechoch, ako s\u00fa strechy, parapety, br\u00e1ny a ploty.<br \/>\nFarba m\u00f4\u017ee tie\u017e sl\u00fa\u017ei\u0165 k farbeniu bet\u00f3nu a dreva a zachov\u00e1va jednotn\u00fd farebn\u00fd n\u00e1ter.<br \/>\nFarba je matn\u00e1, m\u00e1 dobr\u00fa pri\u013enavos\u0165 k podkladu, je flexibiln\u00e1 a odol\u00e1va mechanick\u00e9mu<br \/>\npo\u0161kodeniu. Pou\u017e\u00edva sa ako z\u00e1kladn\u00fd n\u00e1ter, obsahuje \u00fa\u010dinn\u00fd pigment  br\u00e1niaci kor\u00f3zii.<br \/>\nOdoln\u00e1 proti  poveternostn\u00fdm podmienkam v prostred\u00ed priemyselnom aj pr\u00edmorskom.<br \/>\nRied\u00ed sa polyvinylov\u00fdm riedidlom (alebo acet\u00f3nom C6000, bez z\u00e1ruky), maxim\u00e1lne mno\u017estvo riedidla je 10% z objemu farby. Farba m\u00e1 v\u00fdborn\u00e9 krycie schopnosti,  Technick\u00fd list k farbe je v s\u00faboroch na stiahnutie.<\/p>\n","protected":false},"excerpt":{"rendered":"<p>Vzh\u013ead: Biela, Typ\/zlo\u017eenie: Polyvinyl, Vzh\u013ead &#8211; efekt: Matn\u00fd, Podklad: Zn, Al, Fe, PVC, Drevo, Bet\u00f3n<\/p>\n","protected":false},"featured_media":0,"comment_status":"closed","ping_status":"open","template":"","meta":[],"product_brand":[],"product_cat":[15],"product_tag":[],"class_list":{"0":"post-10178","1":"product","2":"type-product","3":"status-publish","5":"product_cat-uncategorized","7":"first","8":"instock","9":"sale","10":"purchasable","11":"product-type-simple"},"_links":{"self":[{"href":"https:\/\/aramiso-test.verteco.app\/index.php?rest_route=\/wp\/v2\/product\/10178","targetHints":{"allow":["GET"]}}],"collection":[{"href":"https:\/\/aramiso-test.verteco.app\/index.php?rest_route=\/wp\/v2\/product"}],"about":[{"href":"https:\/\/aramiso-test.verteco.app\/index.php?rest_route=\/wp\/v2\/types\/product"}],"replies":[{"embeddable":true,"href":"https:\/\/aramiso-test.verteco.app\/index.php?rest_route=%2Fwp%2Fv2%2Fcomments&post=10178"}],"wp:attachment":[{"href":"https:\/\/aramiso-test.verteco.app\/index.php?rest_route=%2Fwp%2Fv2%2Fmedia&parent=10178"}],"wp:term":[{"taxonomy":"product_brand","embeddable":true,"href":"https:\/\/aramiso-test.verteco.app\/index.php?rest_route=%2Fwp%2Fv2%2Fproduct_brand&post=10178"},{"taxonomy":"product_cat","embeddable":true,"href":"https:\/\/aramiso-test.verteco.app\/index.php?rest_route=%2Fwp%2Fv2%2Fproduct_cat&post=10178"},{"taxonomy":"product_tag","embeddable":true,"href":"https:\/\/aramiso-test.verteco.app\/index.php?rest_route=%2Fwp%2Fv2%2Fproduct_tag&post=10178"}],"curies":[{"name":"wp","href":"https:\/\/api.w.org\/{rel}","templated":true}]}}