{"id":10172,"date":"2025-10-26T12:23:02","date_gmt":"2025-10-26T12:23:02","guid":{"rendered":"https:\/\/aramiso-test.verteco.app\/?product=suprava-ockovych-klucov-spanners-6x7-8x9-10x11"},"modified":"2025-10-26T12:23:03","modified_gmt":"2025-10-26T12:23:03","slug":"suprava-ockovych-klucov-spanners-6x7-8x9-10x11","status":"publish","type":"product","link":"https:\/\/aramiso-test.verteco.app\/?product=suprava-ockovych-klucov-spanners-6x7-8x9-10x11","title":{"rendered":"S\u00faprava o\u010dkov\u00fdch k\u013e\u00fa\u010dov spanners (6&#215;7, 8&#215;9, 10&#215;11,"},"content":{"rendered":"<p>S\u00faprava o\u010dkov\u00fdch k\u013e\u00fa\u010dov 6 dielna, matn\u00fd povrch. Obsah sady: 6&#215;7, 8&#215;9, 10&#215;11, 14&#215;15, 16&#215;17, 18&#215;19.<\/p>\n","protected":false},"excerpt":{"rendered":"<p>N\u00e1radie a pom\u00f4cky: N\u00e1radie<\/p>\n","protected":false},"featured_media":0,"comment_status":"closed","ping_status":"open","template":"","meta":[],"product_brand":[],"product_cat":[15],"product_tag":[],"class_list":{"0":"post-10172","1":"product","2":"type-product","3":"status-publish","5":"product_cat-uncategorized","7":"first","8":"instock","9":"sale","10":"purchasable","11":"product-type-simple"},"_links":{"self":[{"href":"https:\/\/aramiso-test.verteco.app\/index.php?rest_route=\/wp\/v2\/product\/10172","targetHints":{"allow":["GET"]}}],"collection":[{"href":"https:\/\/aramiso-test.verteco.app\/index.php?rest_route=\/wp\/v2\/product"}],"about":[{"href":"https:\/\/aramiso-test.verteco.app\/index.php?rest_route=\/wp\/v2\/types\/product"}],"replies":[{"embeddable":true,"href":"https:\/\/aramiso-test.verteco.app\/index.php?rest_route=%2Fwp%2Fv2%2Fcomments&post=10172"}],"wp:attachment":[{"href":"https:\/\/aramiso-test.verteco.app\/index.php?rest_route=%2Fwp%2Fv2%2Fmedia&parent=10172"}],"wp:term":[{"taxonomy":"product_brand","embeddable":true,"href":"https:\/\/aramiso-test.verteco.app\/index.php?rest_route=%2Fwp%2Fv2%2Fproduct_brand&post=10172"},{"taxonomy":"product_cat","embeddable":true,"href":"https:\/\/aramiso-test.verteco.app\/index.php?rest_route=%2Fwp%2Fv2%2Fproduct_cat&post=10172"},{"taxonomy":"product_tag","embeddable":true,"href":"https:\/\/aramiso-test.verteco.app\/index.php?rest_route=%2Fwp%2Fv2%2Fproduct_tag&post=10172"}],"curies":[{"name":"wp","href":"https:\/\/api.w.org\/{rel}","templated":true}]}}