{"id":10171,"date":"2025-10-26T12:23:02","date_gmt":"2025-10-26T12:23:02","guid":{"rendered":"https:\/\/aramiso-test.verteco.app\/?product=podlozka-plocha-nerezova-m10"},"modified":"2025-10-26T12:23:02","modified_gmt":"2025-10-26T12:23:02","slug":"podlozka-plocha-nerezova-m10","status":"publish","type":"product","link":"https:\/\/aramiso-test.verteco.app\/?product=podlozka-plocha-nerezova-m10","title":{"rendered":"Podlo\u017eka ploch\u00e1, nerezov\u00e1, M10"},"content":{"rendered":"<p>Podlo\u017eky DIN 125 sa pou\u017e\u00edvaj\u00fa na rozlo\u017eenie za\u0165a\u017eenia z\u00e1vitov\u00e9ho spojovacieho prvku, ako je skrutka alebo matica, na v\u00e4\u010d\u0161iu plochu.<br \/>\nPodlo\u017eky s\u00fa vhodn\u00e9 do exteri\u00e9ru, alebo tie\u017e pri mont\u00e1\u017ei v\u00fdrobkov z nerezovej ocele.<\/p>\n","protected":false},"excerpt":{"rendered":"<p>Materi\u00e1l: Nerez AISI 304, Povrchov\u00e1 \u00faprava: Natural, t: 2, d: 10,5, M: 10<\/p>\n","protected":false},"featured_media":0,"comment_status":"closed","ping_status":"open","template":"","meta":[],"product_brand":[],"product_cat":[15],"product_tag":[],"class_list":{"0":"post-10171","1":"product","2":"type-product","3":"status-publish","5":"product_cat-uncategorized","7":"first","8":"onbackorder","9":"sale","10":"purchasable","11":"product-type-simple"},"_links":{"self":[{"href":"https:\/\/aramiso-test.verteco.app\/index.php?rest_route=\/wp\/v2\/product\/10171","targetHints":{"allow":["GET"]}}],"collection":[{"href":"https:\/\/aramiso-test.verteco.app\/index.php?rest_route=\/wp\/v2\/product"}],"about":[{"href":"https:\/\/aramiso-test.verteco.app\/index.php?rest_route=\/wp\/v2\/types\/product"}],"replies":[{"embeddable":true,"href":"https:\/\/aramiso-test.verteco.app\/index.php?rest_route=%2Fwp%2Fv2%2Fcomments&post=10171"}],"wp:attachment":[{"href":"https:\/\/aramiso-test.verteco.app\/index.php?rest_route=%2Fwp%2Fv2%2Fmedia&parent=10171"}],"wp:term":[{"taxonomy":"product_brand","embeddable":true,"href":"https:\/\/aramiso-test.verteco.app\/index.php?rest_route=%2Fwp%2Fv2%2Fproduct_brand&post=10171"},{"taxonomy":"product_cat","embeddable":true,"href":"https:\/\/aramiso-test.verteco.app\/index.php?rest_route=%2Fwp%2Fv2%2Fproduct_cat&post=10171"},{"taxonomy":"product_tag","embeddable":true,"href":"https:\/\/aramiso-test.verteco.app\/index.php?rest_route=%2Fwp%2Fv2%2Fproduct_tag&post=10171"}],"curies":[{"name":"wp","href":"https:\/\/api.w.org\/{rel}","templated":true}]}}