{"id":10166,"date":"2025-08-03T12:10:40","date_gmt":"2025-08-03T12:10:40","guid":{"rendered":"https:\/\/aramiso-test.verteco.app\/?product=podlozka-perova-nerezova-m10-aisi-304"},"modified":"2025-08-03T12:10:46","modified_gmt":"2025-08-03T12:10:46","slug":"podlozka-perova-nerezova-m10-aisi-304","status":"publish","type":"product","link":"https:\/\/aramiso-test.verteco.app\/?product=podlozka-perova-nerezova-m10-aisi-304","title":{"rendered":"Podlo\u017eka perov\u00e1 &#8211; nerezov\u00e1 M10, AISI 304"},"content":{"rendered":"<p>Podlo\u017eky pod\u013ea normy DIN 7980, \u010dasto naz\u00fdvan\u00e9 pru\u017en\u00e9 poistn\u00e9 podlo\u017eky, sa pou\u017e\u00edvaj\u00fa na zabr\u00e1nenie uvo\u013eneniu spojov (napr. skrutiek a mat\u00edc) v d\u00f4sledku vibr\u00e1ci\u00ed, dynamick\u00fdch s\u00edl alebo in\u00fdch mechanick\u00fdch z\u00e1\u0165a\u017e\u00ed.<\/p>\n","protected":false},"excerpt":{"rendered":"<p>Materi\u00e1l: Nerez AISI 304, Povrchov\u00e1 \u00faprava: Natural, M: 10<\/p>\n","protected":false},"featured_media":0,"comment_status":"closed","ping_status":"open","template":"","meta":[],"product_brand":[],"product_cat":[15],"product_tag":[],"class_list":{"0":"post-10166","1":"product","2":"type-product","3":"status-publish","5":"product_cat-uncategorized","7":"first","8":"onbackorder","9":"sale","10":"purchasable","11":"product-type-simple"},"_links":{"self":[{"href":"https:\/\/aramiso-test.verteco.app\/index.php?rest_route=\/wp\/v2\/product\/10166","targetHints":{"allow":["GET"]}}],"collection":[{"href":"https:\/\/aramiso-test.verteco.app\/index.php?rest_route=\/wp\/v2\/product"}],"about":[{"href":"https:\/\/aramiso-test.verteco.app\/index.php?rest_route=\/wp\/v2\/types\/product"}],"replies":[{"embeddable":true,"href":"https:\/\/aramiso-test.verteco.app\/index.php?rest_route=%2Fwp%2Fv2%2Fcomments&post=10166"}],"wp:attachment":[{"href":"https:\/\/aramiso-test.verteco.app\/index.php?rest_route=%2Fwp%2Fv2%2Fmedia&parent=10166"}],"wp:term":[{"taxonomy":"product_brand","embeddable":true,"href":"https:\/\/aramiso-test.verteco.app\/index.php?rest_route=%2Fwp%2Fv2%2Fproduct_brand&post=10166"},{"taxonomy":"product_cat","embeddable":true,"href":"https:\/\/aramiso-test.verteco.app\/index.php?rest_route=%2Fwp%2Fv2%2Fproduct_cat&post=10166"},{"taxonomy":"product_tag","embeddable":true,"href":"https:\/\/aramiso-test.verteco.app\/index.php?rest_route=%2Fwp%2Fv2%2Fproduct_tag&post=10166"}],"curies":[{"name":"wp","href":"https:\/\/api.w.org\/{rel}","templated":true}]}}