{"id":10162,"date":"2025-08-03T12:10:40","date_gmt":"2025-08-03T12:10:40","guid":{"rendered":"https:\/\/aramiso-test.verteco.app\/?product=podlozka-pre-skutky-s-valcovou-hlavou-nerezova"},"modified":"2025-08-03T12:10:44","modified_gmt":"2025-08-03T12:10:44","slug":"podlozka-pre-skutky-s-valcovou-hlavou-nerezova","status":"publish","type":"product","link":"https:\/\/aramiso-test.verteco.app\/?product=podlozka-pre-skutky-s-valcovou-hlavou-nerezova","title":{"rendered":"Podlo\u017eka pre skutky s valcovou hlavou, nerezov\u00e1"},"content":{"rendered":"<p>Podlo\u017eky DIN 433 sa vyzna\u010duj\u00fa men\u0161\u00edm vonkaj\u0161\u00edm priemerom a ten\u0161\u00edm profilom v porovnan\u00ed so \u0161tandardn\u00fdmi ploch\u00fdmi podlo\u017ekami.<br \/>\nJedn\u00fdm z hlavn\u00fdch pou\u017eit\u00ed podlo\u017eiek DIN 433 je v aplik\u00e1ci\u00e1ch s obmedzen\u00fdm priestorom, kde nie je mo\u017en\u00e9 umiestni\u0165 v\u00e4\u010d\u0161iu alebo hrub\u0161iu podlo\u017eku.<\/p>\n","protected":false},"excerpt":{"rendered":"<p>Materi\u00e1l: Nerez AISI 304, Povrchov\u00e1 \u00faprava: Natural, M: 12<\/p>\n","protected":false},"featured_media":0,"comment_status":"closed","ping_status":"open","template":"","meta":[],"product_brand":[],"product_cat":[15],"product_tag":[],"class_list":{"0":"post-10162","1":"product","2":"type-product","3":"status-publish","5":"product_cat-uncategorized","7":"first","8":"onbackorder","9":"purchasable","10":"product-type-simple"},"_links":{"self":[{"href":"https:\/\/aramiso-test.verteco.app\/index.php?rest_route=\/wp\/v2\/product\/10162","targetHints":{"allow":["GET"]}}],"collection":[{"href":"https:\/\/aramiso-test.verteco.app\/index.php?rest_route=\/wp\/v2\/product"}],"about":[{"href":"https:\/\/aramiso-test.verteco.app\/index.php?rest_route=\/wp\/v2\/types\/product"}],"replies":[{"embeddable":true,"href":"https:\/\/aramiso-test.verteco.app\/index.php?rest_route=%2Fwp%2Fv2%2Fcomments&post=10162"}],"wp:attachment":[{"href":"https:\/\/aramiso-test.verteco.app\/index.php?rest_route=%2Fwp%2Fv2%2Fmedia&parent=10162"}],"wp:term":[{"taxonomy":"product_brand","embeddable":true,"href":"https:\/\/aramiso-test.verteco.app\/index.php?rest_route=%2Fwp%2Fv2%2Fproduct_brand&post=10162"},{"taxonomy":"product_cat","embeddable":true,"href":"https:\/\/aramiso-test.verteco.app\/index.php?rest_route=%2Fwp%2Fv2%2Fproduct_cat&post=10162"},{"taxonomy":"product_tag","embeddable":true,"href":"https:\/\/aramiso-test.verteco.app\/index.php?rest_route=%2Fwp%2Fv2%2Fproduct_tag&post=10162"}],"curies":[{"name":"wp","href":"https:\/\/api.w.org\/{rel}","templated":true}]}}