{"id":10151,"date":"2025-08-25T11:14:47","date_gmt":"2025-08-25T11:14:47","guid":{"rendered":"https:\/\/aramiso-test.verteco.app\/?product=skrutka-so-sesthrannou-hlavou-aisi316-m10x30"},"modified":"2025-08-25T11:14:47","modified_gmt":"2025-08-25T11:14:47","slug":"skrutka-so-sesthrannou-hlavou-aisi316-m10x30","status":"publish","type":"product","link":"https:\/\/aramiso-test.verteco.app\/?product=skrutka-so-sesthrannou-hlavou-aisi316-m10x30","title":{"rendered":"Skrutka so \u0161es\u0165hrannou hlavou, AISI316, M10x30"},"content":{"rendered":"<p>DIN 933 ozna\u010duje normu pre skrutky so \u0161es\u0165hrannou hlavou s pln\u00fdm z\u00e1vitom, ktor\u00e9 s\u00fa \u0161iroko pou\u017e\u00edvan\u00e9 v r\u00f4znych aplik\u00e1ci\u00e1ch v\u010faka svojim pevn\u00fdm a bezpe\u010dn\u00fdm upev\u0148ovac\u00edm schopnostiam.<br \/>\nSkrutky so \u0161es\u0165hrannou hlavou DIN 933 s pln\u00fdm z\u00e1vitom s\u00fa z\u00e1kladn\u00fdmi komponentmi v mnoh\u00fdch priemyseln\u00fdch odvetviach v\u010faka ich robustn\u00e9mu dizajnu, pevnosti a v\u0161estrannosti. Ich \u0161tandardizovan\u00e9 rozmery a materi\u00e1ly z nich robia spo\u013eahliv\u00fa vo\u013ebu na zabezpe\u010denie komponentov v \u0161irokom spektre aplik\u00e1ci\u00ed.<\/p>\n","protected":false},"excerpt":{"rendered":"<p>Materi\u00e1l: Nerez AISI 316, Povrchov\u00e1 \u00faprava: Natural, L: 30, M: 10<\/p>\n","protected":false},"featured_media":0,"comment_status":"closed","ping_status":"open","template":"","meta":[],"product_brand":[],"product_cat":[15],"product_tag":[],"class_list":{"0":"post-10151","1":"product","2":"type-product","3":"status-publish","5":"product_cat-uncategorized","7":"first","8":"onbackorder","9":"sale","10":"purchasable","11":"product-type-simple"},"_links":{"self":[{"href":"https:\/\/aramiso-test.verteco.app\/index.php?rest_route=\/wp\/v2\/product\/10151","targetHints":{"allow":["GET"]}}],"collection":[{"href":"https:\/\/aramiso-test.verteco.app\/index.php?rest_route=\/wp\/v2\/product"}],"about":[{"href":"https:\/\/aramiso-test.verteco.app\/index.php?rest_route=\/wp\/v2\/types\/product"}],"replies":[{"embeddable":true,"href":"https:\/\/aramiso-test.verteco.app\/index.php?rest_route=%2Fwp%2Fv2%2Fcomments&post=10151"}],"wp:attachment":[{"href":"https:\/\/aramiso-test.verteco.app\/index.php?rest_route=%2Fwp%2Fv2%2Fmedia&parent=10151"}],"wp:term":[{"taxonomy":"product_brand","embeddable":true,"href":"https:\/\/aramiso-test.verteco.app\/index.php?rest_route=%2Fwp%2Fv2%2Fproduct_brand&post=10151"},{"taxonomy":"product_cat","embeddable":true,"href":"https:\/\/aramiso-test.verteco.app\/index.php?rest_route=%2Fwp%2Fv2%2Fproduct_cat&post=10151"},{"taxonomy":"product_tag","embeddable":true,"href":"https:\/\/aramiso-test.verteco.app\/index.php?rest_route=%2Fwp%2Fv2%2Fproduct_tag&post=10151"}],"curies":[{"name":"wp","href":"https:\/\/api.w.org\/{rel}","templated":true}]}}