{"id":10136,"date":"2025-10-26T12:22:56","date_gmt":"2025-10-26T12:22:56","guid":{"rendered":"https:\/\/aramiso-test.verteco.app\/?product=zavitova-tyc-nerezova-aisi304-m12-l120mm"},"modified":"2025-10-26T12:22:58","modified_gmt":"2025-10-26T12:22:58","slug":"zavitova-tyc-nerezova-aisi304-m12-l120mm","status":"publish","type":"product","link":"https:\/\/aramiso-test.verteco.app\/?product=zavitova-tyc-nerezova-aisi304-m12-l120mm","title":{"rendered":"Z\u00e1vitov\u00e1 ty\u010d, nerezov\u00e1, AISI304, M12\/L120mm"},"content":{"rendered":"<p>DIN 975 sa vz\u0165ahuje na z\u00e1vitov\u00e9 ty\u010de, zn\u00e1me tie\u017e ako celoz\u00e1vitov\u00e9 ty\u010de alebo kol\u00edky, ktor\u00e9 s\u00fa nepretr\u017eite z\u00e1vitovan\u00e9 po celej svojej d\u013a\u017eke. Tieto ty\u010de sa be\u017ene pou\u017e\u00edvaj\u00fa v stavebn\u00edctve, stroj\u00e1rstve a r\u00f4znych in\u017einierskych aplik\u00e1ci\u00e1ch kv\u00f4li ich v\u0161estrannosti a pevnosti.<\/p>\n","protected":false},"excerpt":{"rendered":"<p>Materi\u00e1l: Nerez AISI 304, Povrchov\u00e1 \u00faprava: Natural, L: 120, Pou\u017eitie: Kotvenie, M: 12<\/p>\n","protected":false},"featured_media":0,"comment_status":"closed","ping_status":"open","template":"","meta":[],"product_brand":[],"product_cat":[15],"product_tag":[],"class_list":{"0":"post-10136","1":"product","2":"type-product","3":"status-publish","5":"product_cat-uncategorized","7":"first","8":"instock","9":"sale","10":"purchasable","11":"product-type-simple"},"_links":{"self":[{"href":"https:\/\/aramiso-test.verteco.app\/index.php?rest_route=\/wp\/v2\/product\/10136","targetHints":{"allow":["GET"]}}],"collection":[{"href":"https:\/\/aramiso-test.verteco.app\/index.php?rest_route=\/wp\/v2\/product"}],"about":[{"href":"https:\/\/aramiso-test.verteco.app\/index.php?rest_route=\/wp\/v2\/types\/product"}],"replies":[{"embeddable":true,"href":"https:\/\/aramiso-test.verteco.app\/index.php?rest_route=%2Fwp%2Fv2%2Fcomments&post=10136"}],"wp:attachment":[{"href":"https:\/\/aramiso-test.verteco.app\/index.php?rest_route=%2Fwp%2Fv2%2Fmedia&parent=10136"}],"wp:term":[{"taxonomy":"product_brand","embeddable":true,"href":"https:\/\/aramiso-test.verteco.app\/index.php?rest_route=%2Fwp%2Fv2%2Fproduct_brand&post=10136"},{"taxonomy":"product_cat","embeddable":true,"href":"https:\/\/aramiso-test.verteco.app\/index.php?rest_route=%2Fwp%2Fv2%2Fproduct_cat&post=10136"},{"taxonomy":"product_tag","embeddable":true,"href":"https:\/\/aramiso-test.verteco.app\/index.php?rest_route=%2Fwp%2Fv2%2Fproduct_tag&post=10136"}],"curies":[{"name":"wp","href":"https:\/\/api.w.org\/{rel}","templated":true}]}}