{"id":10118,"date":"2025-10-26T12:22:50","date_gmt":"2025-10-26T12:22:50","guid":{"rendered":"https:\/\/aramiso-test.verteco.app\/?product=kotuc-brusny-na-ocel-125x6x222mm"},"modified":"2025-10-26T12:22:53","modified_gmt":"2025-10-26T12:22:53","slug":"kotuc-brusny-na-ocel-125x6x222mm","status":"publish","type":"product","link":"https:\/\/aramiso-test.verteco.app\/?product=kotuc-brusny-na-ocel-125x6x222mm","title":{"rendered":"Kot\u00fa\u010d brusn\u00fd na oce\u013e, 125x6x22,2mm"},"content":{"rendered":"<p>Br\u00fasenie zvarovan\u00fdch spojov, \u00faprava obrobkov, napr. odrez\u00e1vanie n\u00e1liatkov od odliatkov Br\u00fasenie rozmern\u00fdch, \u0165a\u017ek\u00fdch strojn\u00fdch s\u00fa\u010diastok pomocou prenosn\u00fdch uhlov\u00fdch br\u00fasok.<br \/>\nNoste ochrann\u00e9 okuliare, rukavice a \u0161t\u00edt na tv\u00e1r, aby ste sa chr\u00e1nili pred iskrami a \u00falomkami.<\/p>\n","protected":false},"excerpt":{"rendered":"<p>Pou\u017eitie: Br\u00fasenie, t: 6, D: 125, d: 22,2<\/p>\n","protected":false},"featured_media":0,"comment_status":"closed","ping_status":"open","template":"","meta":[],"product_brand":[],"product_cat":[15],"product_tag":[],"class_list":{"0":"post-10118","1":"product","2":"type-product","3":"status-publish","5":"product_cat-uncategorized","7":"first","8":"onbackorder","9":"sale","10":"purchasable","11":"product-type-simple"},"_links":{"self":[{"href":"https:\/\/aramiso-test.verteco.app\/index.php?rest_route=\/wp\/v2\/product\/10118","targetHints":{"allow":["GET"]}}],"collection":[{"href":"https:\/\/aramiso-test.verteco.app\/index.php?rest_route=\/wp\/v2\/product"}],"about":[{"href":"https:\/\/aramiso-test.verteco.app\/index.php?rest_route=\/wp\/v2\/types\/product"}],"replies":[{"embeddable":true,"href":"https:\/\/aramiso-test.verteco.app\/index.php?rest_route=%2Fwp%2Fv2%2Fcomments&post=10118"}],"wp:attachment":[{"href":"https:\/\/aramiso-test.verteco.app\/index.php?rest_route=%2Fwp%2Fv2%2Fmedia&parent=10118"}],"wp:term":[{"taxonomy":"product_brand","embeddable":true,"href":"https:\/\/aramiso-test.verteco.app\/index.php?rest_route=%2Fwp%2Fv2%2Fproduct_brand&post=10118"},{"taxonomy":"product_cat","embeddable":true,"href":"https:\/\/aramiso-test.verteco.app\/index.php?rest_route=%2Fwp%2Fv2%2Fproduct_cat&post=10118"},{"taxonomy":"product_tag","embeddable":true,"href":"https:\/\/aramiso-test.verteco.app\/index.php?rest_route=%2Fwp%2Fv2%2Fproduct_tag&post=10118"}],"curies":[{"name":"wp","href":"https:\/\/api.w.org\/{rel}","templated":true}]}}