{"id":10114,"date":"2025-10-26T12:22:50","date_gmt":"2025-10-26T12:22:50","guid":{"rendered":"https:\/\/aramiso-test.verteco.app\/?product=kotuc-diamantovy-230x222x10mm"},"modified":"2025-10-26T12:22:51","modified_gmt":"2025-10-26T12:22:51","slug":"kotuc-diamantovy-230x222x10mm","status":"publish","type":"product","link":"https:\/\/aramiso-test.verteco.app\/?product=kotuc-diamantovy-230x222x10mm","title":{"rendered":"Kot\u00fa\u010d diamantov\u00fd 230&#215;22,2x10mm"},"content":{"rendered":"<p>Diamantov\u00fd kot\u00fa\u010d vhodn\u00fd na rezanie \u017eelezobet\u00f3nu, kame\u0148a, bet\u00f3nu, stavebn\u00e9ho materi\u00e1lu.<\/p>\n","protected":false},"excerpt":{"rendered":"<p>Pou\u017eitie: Delenie, t: 2, D: 230, d: 22,2<\/p>\n","protected":false},"featured_media":0,"comment_status":"closed","ping_status":"open","template":"","meta":[],"product_brand":[],"product_cat":[15],"product_tag":[],"class_list":{"0":"post-10114","1":"product","2":"type-product","3":"status-publish","5":"product_cat-uncategorized","7":"first","8":"instock","9":"sale","10":"purchasable","11":"product-type-simple"},"_links":{"self":[{"href":"https:\/\/aramiso-test.verteco.app\/index.php?rest_route=\/wp\/v2\/product\/10114","targetHints":{"allow":["GET"]}}],"collection":[{"href":"https:\/\/aramiso-test.verteco.app\/index.php?rest_route=\/wp\/v2\/product"}],"about":[{"href":"https:\/\/aramiso-test.verteco.app\/index.php?rest_route=\/wp\/v2\/types\/product"}],"replies":[{"embeddable":true,"href":"https:\/\/aramiso-test.verteco.app\/index.php?rest_route=%2Fwp%2Fv2%2Fcomments&post=10114"}],"wp:attachment":[{"href":"https:\/\/aramiso-test.verteco.app\/index.php?rest_route=%2Fwp%2Fv2%2Fmedia&parent=10114"}],"wp:term":[{"taxonomy":"product_brand","embeddable":true,"href":"https:\/\/aramiso-test.verteco.app\/index.php?rest_route=%2Fwp%2Fv2%2Fproduct_brand&post=10114"},{"taxonomy":"product_cat","embeddable":true,"href":"https:\/\/aramiso-test.verteco.app\/index.php?rest_route=%2Fwp%2Fv2%2Fproduct_cat&post=10114"},{"taxonomy":"product_tag","embeddable":true,"href":"https:\/\/aramiso-test.verteco.app\/index.php?rest_route=%2Fwp%2Fv2%2Fproduct_tag&post=10114"}],"curies":[{"name":"wp","href":"https:\/\/api.w.org\/{rel}","templated":true}]}}