{"id":10110,"date":"2025-10-26T12:22:48","date_gmt":"2025-10-26T12:22:48","guid":{"rendered":"https:\/\/aramiso-test.verteco.app\/?product=rezny-kotuc-na-ocel-d125-d222-t16mm"},"modified":"2025-10-26T12:22:49","modified_gmt":"2025-10-26T12:22:49","slug":"rezny-kotuc-na-ocel-d125-d222-t16mm","status":"publish","type":"product","link":"https:\/\/aramiso-test.verteco.app\/?product=rezny-kotuc-na-ocel-d125-d222-t16mm","title":{"rendered":"Rezn\u00fd kot\u00fa\u010d na oce\u013e, D125, d22,2, t1,6mm"},"content":{"rendered":"<p>Vysoko v\u00fdkonn\u00fd rezn\u00fd kot\u00fa\u010d pre opracovanie tenkostenn\u00fdch profilov a r\u00far.<br \/>\nRezn\u00fd kot\u00fa\u010d na oce\u013e je \u0161pecializovan\u00fd br\u00fasny n\u00e1stroj ur\u010den\u00fd na rezanie ocele a in\u00fdch zliatin bez po\u0161kodenia materi\u00e1lu. Rezn\u00e9 kot\u00fa\u010de s\u00fa v\u010faka svojej presnosti a \u00fa\u010dinnosti \u0161iroko pou\u017e\u00edvan\u00e9 v r\u00f4znych priemyseln\u00fdch odvetviach.<br \/>\nS\u00fa vyroben\u00e9 z abraz\u00edvnych zmes\u00ed ur\u010den\u00fdch na efekt\u00edvne rezanie tvrd\u00fdch materi\u00e1lov. Kot\u00fa\u010d v\u017edy pou\u017e\u00edvajte s vhodn\u00fdm n\u00e1strojom (ako je uhlov\u00e1 br\u00faska).<br \/>\nDbajte na to, aby ste nosili vhodn\u00e9 bezpe\u010dnostn\u00e9 vybavenie (rukavice, okuliare at\u010f.), preto\u017ee po\u010das rezania m\u00f4\u017eu lieta\u0165 iskry.<\/p>\n","protected":false},"excerpt":{"rendered":"<p>Pou\u017eitie: Delenie, t: 1,6, D: 125, d: 22,2<\/p>\n","protected":false},"featured_media":0,"comment_status":"closed","ping_status":"open","template":"","meta":[],"product_brand":[],"product_cat":[15],"product_tag":[],"class_list":{"0":"post-10110","1":"product","2":"type-product","3":"status-publish","5":"product_cat-uncategorized","7":"first","8":"onbackorder","9":"sale","10":"purchasable","11":"product-type-simple"},"_links":{"self":[{"href":"https:\/\/aramiso-test.verteco.app\/index.php?rest_route=\/wp\/v2\/product\/10110","targetHints":{"allow":["GET"]}}],"collection":[{"href":"https:\/\/aramiso-test.verteco.app\/index.php?rest_route=\/wp\/v2\/product"}],"about":[{"href":"https:\/\/aramiso-test.verteco.app\/index.php?rest_route=\/wp\/v2\/types\/product"}],"replies":[{"embeddable":true,"href":"https:\/\/aramiso-test.verteco.app\/index.php?rest_route=%2Fwp%2Fv2%2Fcomments&post=10110"}],"wp:attachment":[{"href":"https:\/\/aramiso-test.verteco.app\/index.php?rest_route=%2Fwp%2Fv2%2Fmedia&parent=10110"}],"wp:term":[{"taxonomy":"product_brand","embeddable":true,"href":"https:\/\/aramiso-test.verteco.app\/index.php?rest_route=%2Fwp%2Fv2%2Fproduct_brand&post=10110"},{"taxonomy":"product_cat","embeddable":true,"href":"https:\/\/aramiso-test.verteco.app\/index.php?rest_route=%2Fwp%2Fv2%2Fproduct_cat&post=10110"},{"taxonomy":"product_tag","embeddable":true,"href":"https:\/\/aramiso-test.verteco.app\/index.php?rest_route=%2Fwp%2Fv2%2Fproduct_tag&post=10110"}],"curies":[{"name":"wp","href":"https:\/\/api.w.org\/{rel}","templated":true}]}}