{"id":10109,"date":"2025-08-03T12:08:53","date_gmt":"2025-08-03T12:08:53","guid":{"rendered":"https:\/\/aramiso-test.verteco.app\/?product=skrutka-do-betonu-zn-12x110mm"},"modified":"2025-08-03T12:09:00","modified_gmt":"2025-08-03T12:09:00","slug":"skrutka-do-betonu-zn-12x110mm","status":"publish","type":"product","link":"https:\/\/aramiso-test.verteco.app\/?product=skrutka-do-betonu-zn-12x110mm","title":{"rendered":"Skrutka do bet\u00f3nu Zn, 12x110mm"},"content":{"rendered":"<p>Skrutka s ozna\u010den\u00edm CE a pos\u00faden\u00edm ETA pre bet\u00f3n s trhlinami a bez trhl\u00edn. Seizmick\u00e1 kvalifik\u00e1cia v kateg\u00f3rii C1 a C2 s vysok\u00fdm v\u00fdkonom. Po\u017eiarna odolnos\u0165 do 120 min\u00fat.<br \/>\nVysok\u00fd mechanick\u00fd v\u00fdkon. Vysok\u00e1 flexibilita pou\u017eitia v\u010faka trom r\u00f4znym h\u013abkam in\u0161tal\u00e1cie pre ka\u017ed\u00fd priemer. V\u010faka \u0161irok\u00e9mu sortimentu je mo\u017en\u00e9 fixova\u0165 hr\u00fabky a\u017e 95 mm. Mal\u00e1 minim\u00e1lna vzdialenos\u0165 medzi kotvami a mal\u00e1 minim\u00e1lna vzdialenos\u0165 od spodn\u00fdch hr\u00e1n.<br \/>\nMen\u0161\u00ed priemer otvoru a t\u00fdm krat\u0161\u00ed \u010das in\u0161tal\u00e1cie v porovnan\u00ed s in\u00fdmi kotviacimi syst\u00e9mami. Mo\u017en\u00e9 nastavenie po mont\u00e1\u017ei skrutky (skrutku je mo\u017en\u00e9 posun\u00fa\u0165 dvakr\u00e1t a\u017e o 10 mm, ak je zaru\u010den\u00e1 menovit\u00e1 kotevn\u00e1 h\u013abka).<\/p>\n","protected":false},"excerpt":{"rendered":"<p>Materi\u00e1l: Oce\u013e, Povrchov\u00e1 \u00faprava: Zinok, L: 110, d: 12<\/p>\n","protected":false},"featured_media":0,"comment_status":"closed","ping_status":"open","template":"","meta":[],"product_brand":[],"product_cat":[15],"product_tag":[],"class_list":{"0":"post-10109","1":"product","2":"type-product","3":"status-publish","5":"product_cat-uncategorized","7":"first","8":"onbackorder","9":"sale","10":"purchasable","11":"product-type-simple"},"_links":{"self":[{"href":"https:\/\/aramiso-test.verteco.app\/index.php?rest_route=\/wp\/v2\/product\/10109","targetHints":{"allow":["GET"]}}],"collection":[{"href":"https:\/\/aramiso-test.verteco.app\/index.php?rest_route=\/wp\/v2\/product"}],"about":[{"href":"https:\/\/aramiso-test.verteco.app\/index.php?rest_route=\/wp\/v2\/types\/product"}],"replies":[{"embeddable":true,"href":"https:\/\/aramiso-test.verteco.app\/index.php?rest_route=%2Fwp%2Fv2%2Fcomments&post=10109"}],"wp:attachment":[{"href":"https:\/\/aramiso-test.verteco.app\/index.php?rest_route=%2Fwp%2Fv2%2Fmedia&parent=10109"}],"wp:term":[{"taxonomy":"product_brand","embeddable":true,"href":"https:\/\/aramiso-test.verteco.app\/index.php?rest_route=%2Fwp%2Fv2%2Fproduct_brand&post=10109"},{"taxonomy":"product_cat","embeddable":true,"href":"https:\/\/aramiso-test.verteco.app\/index.php?rest_route=%2Fwp%2Fv2%2Fproduct_cat&post=10109"},{"taxonomy":"product_tag","embeddable":true,"href":"https:\/\/aramiso-test.verteco.app\/index.php?rest_route=%2Fwp%2Fv2%2Fproduct_tag&post=10109"}],"curies":[{"name":"wp","href":"https:\/\/api.w.org\/{rel}","templated":true}]}}