{"id":10096,"date":"2025-08-03T12:08:53","date_gmt":"2025-08-03T12:08:53","guid":{"rendered":"https:\/\/aramiso-test.verteco.app\/?product=prievlacna-kotva-do-betonu-nerezova-aisi304-m8x90mm"},"modified":"2025-08-03T12:08:53","modified_gmt":"2025-08-03T12:08:53","slug":"prievlacna-kotva-do-betonu-nerezova-aisi304-m8x90mm","status":"publish","type":"product","link":"https:\/\/aramiso-test.verteco.app\/?product=prievlacna-kotva-do-betonu-nerezova-aisi304-m8x90mm","title":{"rendered":"Prievla\u010dn\u00e1 kotva do bet\u00f3nu, nerezov\u00e1, AISI304, M8x90mm"},"content":{"rendered":"<p>Prievla\u010dn\u00e1 kotva pre \u0161tandardn\u00e9 aplik\u00e1cie v bet\u00f3ne bez trhl\u00edn a kotvy v redundantnom nekon\u0161truk\u010dnom syst\u00e9me v bet\u00f3ne s trhlinami.<br \/>\nNehrdzavej\u00faca oce\u013e A2<\/p>\n<p>Ve\u013emi flexibiln\u00e1 aplik\u00e1cia v\u010faka trom \u00fa\u010dinn\u00fdm h\u013abkam ukotvenia<br \/>\nMal\u00e9 rozostupy a vzdialenosti okrajov<br \/>\nIn\u0161tal\u00e1cia zatla\u010den\u00edm \u0161etriaca \u010das<\/p>\n<p>Oblas\u0165 pou\u017eitia:<\/p>\n<p>Samostatn\u00fd fixa\u010dn\u00fd bod alebo kotvy v redundantnom nekon\u0161truk\u010dnom syst\u00e9me pre bet\u00f3n s norm\u00e1lnou hmotnos\u0165ou (len bet\u00f3n bez trhl\u00edn)<br \/>\nVhodn\u00e1 na ukotvenie stredn\u00fdch a\u017e \u0165a\u017ek\u00fdch z\u00e1\u0165a\u017e\u00ed v bet\u00f3ne: mont\u00e1\u017e napr. kovov\u00fdch kon\u0161trukci\u00ed, kovov\u00fdch profilov, konzol, z\u00e1kladn\u00fdch dosiek, k\u00e1blov\u00fdch veden\u00ed, potrub\u00ed, dreven\u00fdch kon\u0161trukci\u00ed, nosn\u00edkov, v\u00e4zn\u00edc, plotov at\u010f.<br \/>\nKotva sa m\u00f4\u017ee pou\u017e\u00edva\u0165 v such\u00fdch vn\u00fatorn\u00fdch priestoroch a vonku (vr\u00e1tane pou\u017eitia v priemyseln\u00fdch atmosf\u00e9rach a pobre\u017en\u00fdch oblastiach) alebo vo vlhk\u00fdch miestnostiach, pokia\u013e nie s\u00fa podmienky obzvl\u00e1\u0161\u0165 agres\u00edvne.<\/p>\n","protected":false},"excerpt":{"rendered":"<p>Materi\u00e1l: Nerez AISI 304, Povrchov\u00e1 \u00faprava: Natural, L: 90, Pou\u017eitie: Kotvenie, M: 8<\/p>\n","protected":false},"featured_media":0,"comment_status":"closed","ping_status":"open","template":"","meta":[],"product_brand":[],"product_cat":[15],"product_tag":[],"class_list":{"0":"post-10096","1":"product","2":"type-product","3":"status-publish","5":"product_cat-uncategorized","7":"first","8":"onbackorder","9":"sale","10":"purchasable","11":"product-type-simple"},"_links":{"self":[{"href":"https:\/\/aramiso-test.verteco.app\/index.php?rest_route=\/wp\/v2\/product\/10096","targetHints":{"allow":["GET"]}}],"collection":[{"href":"https:\/\/aramiso-test.verteco.app\/index.php?rest_route=\/wp\/v2\/product"}],"about":[{"href":"https:\/\/aramiso-test.verteco.app\/index.php?rest_route=\/wp\/v2\/types\/product"}],"replies":[{"embeddable":true,"href":"https:\/\/aramiso-test.verteco.app\/index.php?rest_route=%2Fwp%2Fv2%2Fcomments&post=10096"}],"wp:attachment":[{"href":"https:\/\/aramiso-test.verteco.app\/index.php?rest_route=%2Fwp%2Fv2%2Fmedia&parent=10096"}],"wp:term":[{"taxonomy":"product_brand","embeddable":true,"href":"https:\/\/aramiso-test.verteco.app\/index.php?rest_route=%2Fwp%2Fv2%2Fproduct_brand&post=10096"},{"taxonomy":"product_cat","embeddable":true,"href":"https:\/\/aramiso-test.verteco.app\/index.php?rest_route=%2Fwp%2Fv2%2Fproduct_cat&post=10096"},{"taxonomy":"product_tag","embeddable":true,"href":"https:\/\/aramiso-test.verteco.app\/index.php?rest_route=%2Fwp%2Fv2%2Fproduct_tag&post=10096"}],"curies":[{"name":"wp","href":"https:\/\/api.w.org\/{rel}","templated":true}]}}