{"id":10086,"date":"2025-10-26T12:22:45","date_gmt":"2025-10-26T12:22:45","guid":{"rendered":"https:\/\/aramiso-test.verteco.app\/?product=kotvenie-plota-na-priskrutkovanie"},"modified":"2025-10-26T12:22:47","modified_gmt":"2025-10-26T12:22:47","slug":"kotvenie-plota-na-priskrutkovanie","status":"publish","type":"product","link":"https:\/\/aramiso-test.verteco.app\/?product=kotvenie-plota-na-priskrutkovanie","title":{"rendered":"Kotvenie plota na priskrutkovanie"},"content":{"rendered":"<p>Zvisl\u00e9 kotvenie plota do steny \u010di st\u013apika.<br \/>\nTechnick\u00e9 inform\u00e1cie:<br \/>\nRozmer kotviace p\u00e1soviny: 80 x 25 mm<br \/>\nHr\u00fabka materi\u00e1lu: 3 mm<br \/>\nOtvory: 2 x 8,8 mm<br \/>\nRozmer p\u00e1soviny s ov\u00e1lnym otvorom: 36 x 30 mm<br \/>\nOko: 20 x 9 mm<br \/>\nMateri\u00e1l: oce\u013e<br \/>\nPovrchov\u00e1 \u00faprava: \u017eiarovo pozinkovan\u00e9<\/p>\n","protected":false},"excerpt":{"rendered":"<p>Materi\u00e1l: Oce\u013e, Povrchov\u00e1 \u00faprava: Zinok<\/p>\n","protected":false},"featured_media":0,"comment_status":"closed","ping_status":"open","template":"","meta":[],"product_brand":[],"product_cat":[15],"product_tag":[],"class_list":{"0":"post-10086","1":"product","2":"type-product","3":"status-publish","5":"product_cat-uncategorized","7":"first","8":"onbackorder","9":"sale","10":"purchasable","11":"product-type-simple"},"_links":{"self":[{"href":"https:\/\/aramiso-test.verteco.app\/index.php?rest_route=\/wp\/v2\/product\/10086","targetHints":{"allow":["GET"]}}],"collection":[{"href":"https:\/\/aramiso-test.verteco.app\/index.php?rest_route=\/wp\/v2\/product"}],"about":[{"href":"https:\/\/aramiso-test.verteco.app\/index.php?rest_route=\/wp\/v2\/types\/product"}],"replies":[{"embeddable":true,"href":"https:\/\/aramiso-test.verteco.app\/index.php?rest_route=%2Fwp%2Fv2%2Fcomments&post=10086"}],"wp:attachment":[{"href":"https:\/\/aramiso-test.verteco.app\/index.php?rest_route=%2Fwp%2Fv2%2Fmedia&parent=10086"}],"wp:term":[{"taxonomy":"product_brand","embeddable":true,"href":"https:\/\/aramiso-test.verteco.app\/index.php?rest_route=%2Fwp%2Fv2%2Fproduct_brand&post=10086"},{"taxonomy":"product_cat","embeddable":true,"href":"https:\/\/aramiso-test.verteco.app\/index.php?rest_route=%2Fwp%2Fv2%2Fproduct_cat&post=10086"},{"taxonomy":"product_tag","embeddable":true,"href":"https:\/\/aramiso-test.verteco.app\/index.php?rest_route=%2Fwp%2Fv2%2Fproduct_tag&post=10086"}],"curies":[{"name":"wp","href":"https:\/\/api.w.org\/{rel}","templated":true}]}}