{"id":10083,"date":"2025-10-26T12:22:36","date_gmt":"2025-10-26T12:22:36","guid":{"rendered":"https:\/\/aramiso-test.verteco.app\/?product=kotva-locinox-quick-fix-sada-2ks"},"modified":"2025-10-26T12:22:38","modified_gmt":"2025-10-26T12:22:38","slug":"kotva-locinox-quick-fix-sada-2ks","status":"publish","type":"product","link":"https:\/\/aramiso-test.verteco.app\/?product=kotva-locinox-quick-fix-sada-2ks","title":{"rendered":"Kotva LOCINOX &#8211; Quick fix (sada 2ks)"},"content":{"rendered":"<p>Kotva pre produkty Locinox<br \/>\n(1P\u00c1R = 2 ks) quick fix<br \/>\nPatentovan\u00fd kotviaci syst\u00e9m pre mont\u00e1\u017ee do oce\u013eov\u00fdch profilov. Dotiahnut\u00edm skrutky sa pl\u00e1\u0161\u0165 roztiahne, zare\u017ee sa do steny profilu a zostane na svojom mieste a to aj pri odskrutkovan\u00ed. Pou\u017eitie syst\u00e9mu Quick-Fix je vhodn\u00e9 pre v\u00e4\u010d\u0161inu produktov LOCINOX.<br \/>\n-Materi\u00e1l: oce\u013e + AISI304<br \/>\n-Ur\u00fdch\u013euje a u\u013eah\u010duje mont\u00e1\u017e<br \/>\n-Za\u0165a\u017eenie v \u0165ahu cez 1000 kg<br \/>\n-Pre profily s hr\u00fabkou steny do 5 mm<\/p>\n","protected":false},"excerpt":{"rendered":"<p>Materi\u00e1l: Nerez AISI 304\/Oce\u013e<\/p>\n","protected":false},"featured_media":0,"comment_status":"closed","ping_status":"open","template":"","meta":[],"product_brand":[],"product_cat":[15],"product_tag":[],"class_list":{"0":"post-10083","1":"product","2":"type-product","3":"status-publish","5":"product_cat-uncategorized","7":"first","8":"onbackorder","9":"sale","10":"purchasable","11":"product-type-simple"},"_links":{"self":[{"href":"https:\/\/aramiso-test.verteco.app\/index.php?rest_route=\/wp\/v2\/product\/10083","targetHints":{"allow":["GET"]}}],"collection":[{"href":"https:\/\/aramiso-test.verteco.app\/index.php?rest_route=\/wp\/v2\/product"}],"about":[{"href":"https:\/\/aramiso-test.verteco.app\/index.php?rest_route=\/wp\/v2\/types\/product"}],"replies":[{"embeddable":true,"href":"https:\/\/aramiso-test.verteco.app\/index.php?rest_route=%2Fwp%2Fv2%2Fcomments&post=10083"}],"wp:attachment":[{"href":"https:\/\/aramiso-test.verteco.app\/index.php?rest_route=%2Fwp%2Fv2%2Fmedia&parent=10083"}],"wp:term":[{"taxonomy":"product_brand","embeddable":true,"href":"https:\/\/aramiso-test.verteco.app\/index.php?rest_route=%2Fwp%2Fv2%2Fproduct_brand&post=10083"},{"taxonomy":"product_cat","embeddable":true,"href":"https:\/\/aramiso-test.verteco.app\/index.php?rest_route=%2Fwp%2Fv2%2Fproduct_cat&post=10083"},{"taxonomy":"product_tag","embeddable":true,"href":"https:\/\/aramiso-test.verteco.app\/index.php?rest_route=%2Fwp%2Fv2%2Fproduct_tag&post=10083"}],"curies":[{"name":"wp","href":"https:\/\/api.w.org\/{rel}","templated":true}]}}