{"id":10077,"date":"2025-10-26T12:22:40","date_gmt":"2025-10-26T12:22:40","guid":{"rendered":"https:\/\/aramiso-test.verteco.app\/?product=vysokovykonna-kotva-so-zapustnou-hlavou-m8"},"modified":"2025-10-26T12:22:45","modified_gmt":"2025-10-26T12:22:45","slug":"vysokovykonna-kotva-so-zapustnou-hlavou-m8","status":"publish","type":"product","link":"https:\/\/aramiso-test.verteco.app\/?product=vysokovykonna-kotva-so-zapustnou-hlavou-m8","title":{"rendered":"Vysokov\u00fdkonn\u00e1 kotva so z\u00e1pustnou hlavou M8"},"content":{"rendered":"<p>Rozp\u00ednacia kotva s regul\u00e1ciou kr\u00fatiaceho momentu pre vysok\u00e9 za\u0165a\u017eenie.<br \/>\nVysoko z\u00e1\u0165a\u017eov\u00e1 pl\u00e1\u0161\u0165ov\u00e1 kotva z galvanicky zinkovanej ocele so z\u00e1pustnou hlavou.<br \/>\nPrievla\u010dn\u00e1 mont\u00e1\u017e \u0161etr\u00ed \u010das.<br \/>\nPri u\u0165ahovan\u00ed skrutky je rozpern\u00fd ku\u017ee\u013e v\u0165ahovan\u00fd do tela kotvy a zaprie ho proti stene vyv\u0155tan\u00e9ho otvoru. \u010cerven\u00fd prstenec z plastu zabra\u0148uje rozpernej \u010dasti v preto\u010den\u00ed a absorbuje posun kotvy pri u\u0165ahovan\u00ed. T\u00fdm je kotven\u00fd predmet pri\u0165ahovan\u00fd ku kotevn\u00e9mu podkladu.<br \/>\nKotva pre vysok\u00e9 z\u00e1\u0165a\u017ee so skrutkou je vhodn\u00e1 na upevnenie konzol, oce\u013eov\u00fdch kon\u0161trukci\u00ed, k\u00e1blov\u00fdch tr\u00e1s, prefabrik\u00e1ty, pr\u00edstre\u0161ky, mostov\u00e9 \u017eeriavy, \u017eeriavy, stroj\u00e1rne, kon\u0161truk\u010dn\u00e9 kovov\u00e9 kon\u0161trukcie, ve\u013ek\u00e9 gal\u00e9rie, konzolov\u00e9 strechy, verandy a v\u0161etko konzolov\u00e9.<br \/>\nSchv\u00e1len\u00e1 kotva pre \u0165a\u017ek\u00e9 upevnenia do trhlinov\u00e9ho a netrhlinov\u00e9ho bet\u00f3nu.<\/p>\n","protected":false},"excerpt":{"rendered":"<p>Materi\u00e1l: Oce\u013e, Povrchov\u00e1 \u00faprava: Zinok, L: 80, Pou\u017eitie: Kotvenie, M: 8, d: 12<\/p>\n","protected":false},"featured_media":0,"comment_status":"closed","ping_status":"open","template":"","meta":[],"product_brand":[],"product_cat":[15],"product_tag":[],"class_list":{"0":"post-10077","1":"product","2":"type-product","3":"status-publish","5":"product_cat-uncategorized","7":"first","8":"instock","9":"sale","10":"purchasable","11":"product-type-simple"},"_links":{"self":[{"href":"https:\/\/aramiso-test.verteco.app\/index.php?rest_route=\/wp\/v2\/product\/10077","targetHints":{"allow":["GET"]}}],"collection":[{"href":"https:\/\/aramiso-test.verteco.app\/index.php?rest_route=\/wp\/v2\/product"}],"about":[{"href":"https:\/\/aramiso-test.verteco.app\/index.php?rest_route=\/wp\/v2\/types\/product"}],"replies":[{"embeddable":true,"href":"https:\/\/aramiso-test.verteco.app\/index.php?rest_route=%2Fwp%2Fv2%2Fcomments&post=10077"}],"wp:attachment":[{"href":"https:\/\/aramiso-test.verteco.app\/index.php?rest_route=%2Fwp%2Fv2%2Fmedia&parent=10077"}],"wp:term":[{"taxonomy":"product_brand","embeddable":true,"href":"https:\/\/aramiso-test.verteco.app\/index.php?rest_route=%2Fwp%2Fv2%2Fproduct_brand&post=10077"},{"taxonomy":"product_cat","embeddable":true,"href":"https:\/\/aramiso-test.verteco.app\/index.php?rest_route=%2Fwp%2Fv2%2Fproduct_cat&post=10077"},{"taxonomy":"product_tag","embeddable":true,"href":"https:\/\/aramiso-test.verteco.app\/index.php?rest_route=%2Fwp%2Fv2%2Fproduct_tag&post=10077"}],"curies":[{"name":"wp","href":"https:\/\/api.w.org\/{rel}","templated":true}]}}