{"id":10067,"date":"2025-08-03T12:08:30","date_gmt":"2025-08-03T12:08:30","guid":{"rendered":"https:\/\/aramiso-test.verteco.app\/?product=fixacna-kotva-s-vnutornym-zavitom-faz-ig-m10"},"modified":"2025-08-03T12:08:36","modified_gmt":"2025-08-03T12:08:36","slug":"fixacna-kotva-s-vnutornym-zavitom-faz-ig-m10","status":"publish","type":"product","link":"https:\/\/aramiso-test.verteco.app\/?product=fixacna-kotva-s-vnutornym-zavitom-faz-ig-m10","title":{"rendered":"Fixa\u010dn\u00e1 kotva s vn\u00fatorn\u00fdm z\u00e1vitom FAZ-IG M10"},"content":{"rendered":"<p>Z\u00e1vitov\u00e1 kotva W\u00fcrth s vn\u00fatorn\u00fdm z\u00e1vitom na vysok\u00e9 za\u0165a\u017eenia v popraskanom a nepopraskanom bet\u00f3ne, ide\u00e1lna na zachovanie \u010dist\u00e9ho povrchu upev\u0148ovan\u00e9ho dielu. Pozinkovan\u00e1 oce\u013e.<br \/>\nVysok\u00e1 za\u0165a\u017eite\u013enos\u0165, mal\u00e1 vzdialenos\u0165 medzi stredmi a okrajom<br \/>\nOkam\u017eit\u00e1 nosnos\u0165 &#8211; \u017eiadne \u010dakanie<br \/>\nRozp\u00ednacia kotva s regul\u00e1ciou kr\u00fatiaceho momentu vyroben\u00e1 z galvanizovanej ocele<br \/>\nBezpe\u010dn\u00e9 roztiahnutie v popraskanom bet\u00f3ne v\u010faka ku\u017ee\u013eu fixa\u010dnej kotvy s patentovanou plastovou povrchovou \u00fapravou<br \/>\nZ\u00e1pustn\u00e9 skrutky zais\u0165uj\u00fa elegantn\u00fd vzh\u013ead vidite\u013en\u00fdch kotiev, ktor\u00fd dop\u013a\u0148a vysok\u00e1 za\u0165a\u017eite\u013enos\u0165 (napr. z\u00e1bradlie)<br \/>\nVhodn\u00e1 taktie\u017e na do\u010dasn\u00e9 ukotvenie (z\u00e1vla\u010dkov\u00e1 in\u0161tal\u00e1cia, napr. flexibiln\u00e9 sedenia na \u0161tadi\u00f3ne &#8211; v rovine s povrchom na elimin\u00e1ciu rizika poranenia)<\/p>\n<p>Oblas\u0165 pou\u017eitia<br \/>\nIndividu\u00e1lne pripevnenie so schv\u00e1len\u00edm<br \/>\n\u0160tandardn\u00fd bet\u00f3n C20\/25 a\u017e C50\/60 (popraskan\u00fd a nepopraskan\u00fd bet\u00f3n)<br \/>\nNapr. kovov\u00e9 kon\u0161trukcie, kovov\u00e9 profily, konzoly, st\u00fapa\u010dky, podpery, k\u00e1blov\u00e9 vedenia, potrubia, z\u00e1bradlia, dreven\u00e9 kon\u0161trukcie, tr\u00e1my, sedenie na \u0161tadi\u00f3ne at\u010f.<br \/>\nIndividu\u00e1lne pripevnenie bez schv\u00e1lenia<br \/>\nMo\u017eno pou\u017ei\u0165 v bet\u00f3ne &lt; C20\/25 a pr\u00edrodnom kameni odolnom proti tlaku<br \/>\nM\u00f4\u017ee sa pou\u017e\u00edva\u0165 len v such\u00fdch priestoroch v interi\u00e9ri<\/p>\n<p><iframe width=\"560\" height=\"315\" src=\"https:\/\/www.youtube.com\/embed\/y2RtxR703vk\" title=\"YouTube video player\" frameborder=\"0\" allow=\"accelerometer; autoplay; clipboard-write; encrypted-media; gyroscope; picture-in-picture; web-share\" allowfullscreen><\/iframe><\/p>\n","protected":false},"excerpt":{"rendered":"<p>Materi\u00e1l: Oce\u013e, Povrchov\u00e1 \u00faprava: Zinok<\/p>\n","protected":false},"featured_media":0,"comment_status":"closed","ping_status":"open","template":"","meta":[],"product_brand":[],"product_cat":[15],"product_tag":[],"class_list":{"0":"post-10067","1":"product","2":"type-product","3":"status-publish","5":"product_cat-uncategorized","7":"first","8":"onbackorder","9":"sale","10":"purchasable","11":"product-type-simple"},"_links":{"self":[{"href":"https:\/\/aramiso-test.verteco.app\/index.php?rest_route=\/wp\/v2\/product\/10067","targetHints":{"allow":["GET"]}}],"collection":[{"href":"https:\/\/aramiso-test.verteco.app\/index.php?rest_route=\/wp\/v2\/product"}],"about":[{"href":"https:\/\/aramiso-test.verteco.app\/index.php?rest_route=\/wp\/v2\/types\/product"}],"replies":[{"embeddable":true,"href":"https:\/\/aramiso-test.verteco.app\/index.php?rest_route=%2Fwp%2Fv2%2Fcomments&post=10067"}],"wp:attachment":[{"href":"https:\/\/aramiso-test.verteco.app\/index.php?rest_route=%2Fwp%2Fv2%2Fmedia&parent=10067"}],"wp:term":[{"taxonomy":"product_brand","embeddable":true,"href":"https:\/\/aramiso-test.verteco.app\/index.php?rest_route=%2Fwp%2Fv2%2Fproduct_brand&post=10067"},{"taxonomy":"product_cat","embeddable":true,"href":"https:\/\/aramiso-test.verteco.app\/index.php?rest_route=%2Fwp%2Fv2%2Fproduct_cat&post=10067"},{"taxonomy":"product_tag","embeddable":true,"href":"https:\/\/aramiso-test.verteco.app\/index.php?rest_route=%2Fwp%2Fv2%2Fproduct_tag&post=10067"}],"curies":[{"name":"wp","href":"https:\/\/api.w.org\/{rel}","templated":true}]}}