{"id":10065,"date":"2025-08-03T12:08:30","date_gmt":"2025-08-03T12:08:30","guid":{"rendered":"https:\/\/aramiso-test.verteco.app\/?product=kotevna-tyc-zn-m12-l135"},"modified":"2025-08-03T12:08:35","modified_gmt":"2025-08-03T12:08:35","slug":"kotevna-tyc-zn-m12-l135","status":"publish","type":"product","link":"https:\/\/aramiso-test.verteco.app\/?product=kotevna-tyc-zn-m12-l135","title":{"rendered":"Kotevn\u00e1 ty\u010d, Zn, M12, L135"},"content":{"rendered":"<p>Kotviaca ty\u010d s vrcholov\u00fdm uhlom a \u0161es\u0165hrannou p\u00e4ticou (umo\u017e\u0148uje rota\u010dn\u00e9 n\u00e1razov\u00e9 vkladanie s kazetov\u00fdm syst\u00e9mom)<br \/>\nPou\u017eitie:<br \/>\n&#8211; v such\u00fdch interi\u00e9roch<\/p>\n<p>Schv\u00e1lenie:<br \/>\nETA-06\/0074<br \/>\nETA-12\/0164<br \/>\nETA-12\/0569<br \/>\nETA-17\/0127<br \/>\nETA-19\/0542<br \/>\nETA-20\/0647<br \/>\nETA-20\/1038<br \/>\nETA-21\/0168<\/p>\n<p>Priemer hmo\u017edinky, metrick\u00fd: M12<br \/>\nTrieda pevnosti: 5,8<br \/>\nV\u00fd\u0161ka upevnenia: 10 mm<br \/>\nD\u013a\u017eka hmo\u017edinky: 135 mm<br \/>\n\u00da\u010dinn\u00e1 kotviaca h\u013abka: 110 mm<br \/>\nMenovit\u00fd priemer vrt\u00e1ka, injek\u010dn\u00fd syst\u00e9m: 14 mm<br \/>\nH\u013abka otvoru: 110 mm<\/p>\n","protected":false},"excerpt":{"rendered":"<p>Materi\u00e1l: Oce\u013e, Povrchov\u00e1 \u00faprava: Zinok, L: 135, Pou\u017eitie: Kotvenie, M: 12<\/p>\n","protected":false},"featured_media":0,"comment_status":"closed","ping_status":"open","template":"","meta":[],"product_brand":[],"product_cat":[15],"product_tag":[],"class_list":{"0":"post-10065","1":"product","2":"type-product","3":"status-publish","5":"product_cat-uncategorized","7":"first","8":"onbackorder","9":"sale","10":"purchasable","11":"product-type-simple"},"_links":{"self":[{"href":"https:\/\/aramiso-test.verteco.app\/index.php?rest_route=\/wp\/v2\/product\/10065","targetHints":{"allow":["GET"]}}],"collection":[{"href":"https:\/\/aramiso-test.verteco.app\/index.php?rest_route=\/wp\/v2\/product"}],"about":[{"href":"https:\/\/aramiso-test.verteco.app\/index.php?rest_route=\/wp\/v2\/types\/product"}],"replies":[{"embeddable":true,"href":"https:\/\/aramiso-test.verteco.app\/index.php?rest_route=%2Fwp%2Fv2%2Fcomments&post=10065"}],"wp:attachment":[{"href":"https:\/\/aramiso-test.verteco.app\/index.php?rest_route=%2Fwp%2Fv2%2Fmedia&parent=10065"}],"wp:term":[{"taxonomy":"product_brand","embeddable":true,"href":"https:\/\/aramiso-test.verteco.app\/index.php?rest_route=%2Fwp%2Fv2%2Fproduct_brand&post=10065"},{"taxonomy":"product_cat","embeddable":true,"href":"https:\/\/aramiso-test.verteco.app\/index.php?rest_route=%2Fwp%2Fv2%2Fproduct_cat&post=10065"},{"taxonomy":"product_tag","embeddable":true,"href":"https:\/\/aramiso-test.verteco.app\/index.php?rest_route=%2Fwp%2Fv2%2Fproduct_tag&post=10065"}],"curies":[{"name":"wp","href":"https:\/\/api.w.org\/{rel}","templated":true}]}}