{"id":10061,"date":"2025-10-26T12:22:40","date_gmt":"2025-10-26T12:22:40","guid":{"rendered":"https:\/\/aramiso-test.verteco.app\/?product=distanc-pod-zateplenie-pvc-l100mm"},"modified":"2025-10-26T12:22:43","modified_gmt":"2025-10-26T12:22:43","slug":"distanc-pod-zateplenie-pvc-l100mm","status":"publish","type":"product","link":"https:\/\/aramiso-test.verteco.app\/?product=distanc-pod-zateplenie-pvc-l100mm","title":{"rendered":"Di\u0161tanc pod zateplenie, PVC, L100mm"},"content":{"rendered":"<p>N\u00e1suvn\u00e9 di\u0161tan\u010dn\u00e9 dutinky pre premostenie za\u0165a\u017eenia vo fas\u00e1dach s celoplo\u0161n\u00fa tepelnou izol\u00e1ciou.<br \/>\nPre mont\u00e1\u017e mark\u00edz, strie\u0161ok, oken\u00edc, priemyseln\u00fdch veden\u00ed, konzol at\u010f.<br \/>\nDutinky mo\u017eno nadp\u00e1ja\u0165 maxim\u00e1lne do 250mm.<br \/>\nDutinky mo\u017eno aj nareza\u0165 na po\u017eadovan\u00fd rozmer.<\/p>\n","protected":false},"excerpt":{"rendered":"<p>Materi\u00e1l: PVC, L: 100, D: 49, d: 18<\/p>\n","protected":false},"featured_media":0,"comment_status":"closed","ping_status":"open","template":"","meta":[],"product_brand":[],"product_cat":[15],"product_tag":[],"class_list":{"0":"post-10061","1":"product","2":"type-product","3":"status-publish","5":"product_cat-uncategorized","7":"first","8":"onbackorder","9":"sale","10":"purchasable","11":"product-type-simple"},"_links":{"self":[{"href":"https:\/\/aramiso-test.verteco.app\/index.php?rest_route=\/wp\/v2\/product\/10061","targetHints":{"allow":["GET"]}}],"collection":[{"href":"https:\/\/aramiso-test.verteco.app\/index.php?rest_route=\/wp\/v2\/product"}],"about":[{"href":"https:\/\/aramiso-test.verteco.app\/index.php?rest_route=\/wp\/v2\/types\/product"}],"replies":[{"embeddable":true,"href":"https:\/\/aramiso-test.verteco.app\/index.php?rest_route=%2Fwp%2Fv2%2Fcomments&post=10061"}],"wp:attachment":[{"href":"https:\/\/aramiso-test.verteco.app\/index.php?rest_route=%2Fwp%2Fv2%2Fmedia&parent=10061"}],"wp:term":[{"taxonomy":"product_brand","embeddable":true,"href":"https:\/\/aramiso-test.verteco.app\/index.php?rest_route=%2Fwp%2Fv2%2Fproduct_brand&post=10061"},{"taxonomy":"product_cat","embeddable":true,"href":"https:\/\/aramiso-test.verteco.app\/index.php?rest_route=%2Fwp%2Fv2%2Fproduct_cat&post=10061"},{"taxonomy":"product_tag","embeddable":true,"href":"https:\/\/aramiso-test.verteco.app\/index.php?rest_route=%2Fwp%2Fv2%2Fproduct_tag&post=10061"}],"curies":[{"name":"wp","href":"https:\/\/api.w.org\/{rel}","templated":true}]}}