{"id":10060,"date":"2025-10-26T12:22:40","date_gmt":"2025-10-26T12:22:40","guid":{"rendered":"https:\/\/aramiso-test.verteco.app\/?product=distanc-pod-zateplenie-pvc-l1000mm"},"modified":"2025-10-26T12:22:42","modified_gmt":"2025-10-26T12:22:42","slug":"distanc-pod-zateplenie-pvc-l1000mm","status":"publish","type":"product","link":"https:\/\/aramiso-test.verteco.app\/?product=distanc-pod-zateplenie-pvc-l1000mm","title":{"rendered":"Di\u0161tanc pod zateplenie, PVC, L1000mm"},"content":{"rendered":"<p>Fas\u00e1dna di\u0161tan\u010dn\u00e1 obj\u00edmka sl\u00fa\u017ei ako pevn\u00fd a spo\u013eahliv\u00fd prvok pri mont\u00e1\u017ei odvetr\u00e1van\u00fdch fas\u00e1d, predsaden\u00fdch kon\u0161trukci\u00ed alebo in\u00fdch syst\u00e9mov s po\u017eiadavkou na presn\u00fd odstup od nosnej steny a z\u00e1rove\u0148 zabra\u0148uje ne\u017eiaducemu preh\u00fdbaniu alebo pretla\u010deniu izola\u010dn\u00fdch materi\u00e1lov.<br \/>\nD\u013a\u017eka: 1m<br \/>\nMo\u017enos\u0165 vlastn\u00e9ho orez\u00e1vania na ak\u00fdko\u013evek rozmer.<br \/>\nMateri\u00e1l: polypropyl\u00e9n PP-H alfa plus<br \/>\nPre mont\u00e1\u017e mark\u00edz, strie\u0161ok, oken\u00edc, priemyseln\u00fdch veden\u00ed, konzol at\u010f.<\/p>\n","protected":false},"excerpt":{"rendered":"<p>Materi\u00e1l: PVC, L: 1000, D: 50, d: 18<\/p>\n","protected":false},"featured_media":0,"comment_status":"closed","ping_status":"open","template":"","meta":[],"product_brand":[],"product_cat":[15],"product_tag":[],"class_list":{"0":"post-10060","1":"product","2":"type-product","3":"status-publish","5":"product_cat-uncategorized","7":"first","8":"onbackorder","9":"sale","10":"purchasable","11":"product-type-simple"},"_links":{"self":[{"href":"https:\/\/aramiso-test.verteco.app\/index.php?rest_route=\/wp\/v2\/product\/10060","targetHints":{"allow":["GET"]}}],"collection":[{"href":"https:\/\/aramiso-test.verteco.app\/index.php?rest_route=\/wp\/v2\/product"}],"about":[{"href":"https:\/\/aramiso-test.verteco.app\/index.php?rest_route=\/wp\/v2\/types\/product"}],"replies":[{"embeddable":true,"href":"https:\/\/aramiso-test.verteco.app\/index.php?rest_route=%2Fwp%2Fv2%2Fcomments&post=10060"}],"wp:attachment":[{"href":"https:\/\/aramiso-test.verteco.app\/index.php?rest_route=%2Fwp%2Fv2%2Fmedia&parent=10060"}],"wp:term":[{"taxonomy":"product_brand","embeddable":true,"href":"https:\/\/aramiso-test.verteco.app\/index.php?rest_route=%2Fwp%2Fv2%2Fproduct_brand&post=10060"},{"taxonomy":"product_cat","embeddable":true,"href":"https:\/\/aramiso-test.verteco.app\/index.php?rest_route=%2Fwp%2Fv2%2Fproduct_cat&post=10060"},{"taxonomy":"product_tag","embeddable":true,"href":"https:\/\/aramiso-test.verteco.app\/index.php?rest_route=%2Fwp%2Fv2%2Fproduct_tag&post=10060"}],"curies":[{"name":"wp","href":"https:\/\/api.w.org\/{rel}","templated":true}]}}