{"id":10058,"date":"2025-08-03T12:08:30","date_gmt":"2025-08-03T12:08:30","guid":{"rendered":"https:\/\/aramiso-test.verteco.app\/?product=kotva-pre-porobeton-galvanicky-pozinkovana-m10mm"},"modified":"2025-08-03T12:08:32","modified_gmt":"2025-08-03T12:08:32","slug":"kotva-pre-porobeton-galvanicky-pozinkovana-m10mm","status":"publish","type":"product","link":"https:\/\/aramiso-test.verteco.app\/?product=kotva-pre-porobeton-galvanicky-pozinkovana-m10mm","title":{"rendered":"Kotva pre p\u00f3robet\u00f3n ,galvanicky pozinkovan\u00e1, M10mm"},"content":{"rendered":"<p>Fischer kotva FPX-I je v\u00fdkonn\u00e1 kotva s vn\u00fatorn\u00fdm z\u00e1vitom a unik\u00e1tnou \u0161tvorsmernou rozpernou z\u00f3nou pre upevnenie do p\u00f3robet\u00f3nu.<br \/>\nPrv\u00e1 schv\u00e1len\u00e1 kovov\u00e1 kotva pre p\u00f3robet\u00f3n.<br \/>\nVysok\u00e1 \u00fanosnos\u0165: V\u010faka expanzn\u00fdm kr\u00eddelk\u00e1m v materi\u00e1li, kotva vytv\u00e1ra rozpern\u00fa expanziu v materi\u00e1li. To \u0161etr\u00ed upev\u0148ovacie body.<br \/>\nJednoduch\u00e1 a \u00fasporn\u00e1 in\u0161tal\u00e1cia bez pr\u00eddavn\u00e9ho nastavovacieho n\u00e1stroja.<br \/>\n\u017diadna rot\u00e1cia kotvy.<br \/>\nAutomatick\u00e9 nastavenie zabezpe\u010duje maxim\u00e1lnu bezpe\u010dnos\u0165.<\/p>\n<p><iframe width=\"560\" height=\"315\" src=\"https:\/\/www.youtube.com\/embed\/MtOecTKRIlw?si=KhIzh5C28SdwvbP_\" frameborder=\"0\" allowfullscreen><\/iframe><\/p>\n","protected":false},"excerpt":{"rendered":"<p>Materi\u00e1l: Oce\u013e, Povrchov\u00e1 \u00faprava: Zinok, L: 75, Pou\u017eitie: Kotvenie, M: vn\u00fatorn\u00fd z\u00e1vit M10<\/p>\n","protected":false},"featured_media":0,"comment_status":"closed","ping_status":"open","template":"","meta":[],"product_brand":[],"product_cat":[15],"product_tag":[],"class_list":{"0":"post-10058","1":"product","2":"type-product","3":"status-publish","5":"product_cat-uncategorized","7":"first","8":"instock","9":"sale","10":"purchasable","11":"product-type-simple"},"_links":{"self":[{"href":"https:\/\/aramiso-test.verteco.app\/index.php?rest_route=\/wp\/v2\/product\/10058","targetHints":{"allow":["GET"]}}],"collection":[{"href":"https:\/\/aramiso-test.verteco.app\/index.php?rest_route=\/wp\/v2\/product"}],"about":[{"href":"https:\/\/aramiso-test.verteco.app\/index.php?rest_route=\/wp\/v2\/types\/product"}],"replies":[{"embeddable":true,"href":"https:\/\/aramiso-test.verteco.app\/index.php?rest_route=%2Fwp%2Fv2%2Fcomments&post=10058"}],"wp:attachment":[{"href":"https:\/\/aramiso-test.verteco.app\/index.php?rest_route=%2Fwp%2Fv2%2Fmedia&parent=10058"}],"wp:term":[{"taxonomy":"product_brand","embeddable":true,"href":"https:\/\/aramiso-test.verteco.app\/index.php?rest_route=%2Fwp%2Fv2%2Fproduct_brand&post=10058"},{"taxonomy":"product_cat","embeddable":true,"href":"https:\/\/aramiso-test.verteco.app\/index.php?rest_route=%2Fwp%2Fv2%2Fproduct_cat&post=10058"},{"taxonomy":"product_tag","embeddable":true,"href":"https:\/\/aramiso-test.verteco.app\/index.php?rest_route=%2Fwp%2Fv2%2Fproduct_tag&post=10058"}],"curies":[{"name":"wp","href":"https:\/\/api.w.org\/{rel}","templated":true}]}}