{"id":10056,"date":"2025-08-03T12:08:30","date_gmt":"2025-08-03T12:08:30","guid":{"rendered":"https:\/\/aramiso-test.verteco.app\/?product=svornikova-kotva-ocelova-m12-d12-l124"},"modified":"2025-08-03T12:08:31","modified_gmt":"2025-08-03T12:08:31","slug":"svornikova-kotva-ocelova-m12-d12-l124","status":"publish","type":"product","link":"https:\/\/aramiso-test.verteco.app\/?product=svornikova-kotva-ocelova-m12-d12-l124","title":{"rendered":"Svorn\u00edkov\u00e1 kotva oce\u013eov\u00e1 M12, d12, L124"},"content":{"rendered":"<p>Fischer oce\u013eov\u00e1 kotva pre hospod\u00e1rne upev\u0148ovanie do netrhlinov\u00e9ho bet\u00f3nu.<br \/>\nV\u010faka dlh\u00e9mu z\u00e1vitu a dvom kotevn\u00fdm h\u013abkam je pou\u017eite\u013en\u00e1 mnoh\u00fdmi sp\u00f4sobmi.<br \/>\nJe vhodn\u00e1 pre predsaden\u00fa, prievla\u010dn\u00fa a distan\u010dn\u00fa mont\u00e1\u017e. Galvanicky zinkovan\u00e1 verzia sa pou\u017e\u00edva na upevnenie z\u00e1bradl\u00ed, k\u00e1blov\u00fdch tr\u00e1s a konzol v interi\u00e9ri.<\/p>\n<p>Cenovo efekt\u00edvne kotvenie pre flexibiln\u00e9 pou\u017eitie v netrhlinovom bet\u00f3ne<br \/>\nV\u00fdhody:<\/p>\n<p>Pri \u0161tandardnej kotevnej h\u013abke m\u00e1 kotva maxim\u00e1lnu \u00fanosnos\u0165, a tak je mo\u017en\u00e9 zn\u00ed\u017ei\u0165 po\u010det kotevn\u00fdch bodov a zmen\u0161i\u0165 kotevn\u00fa dosku.<br \/>\nZn\u00ed\u017een\u00e1 kotevn\u00e1 h\u013abka znamen\u00e1 \u00fasporu \u010dasu a n\u00e1kladov pri v\u0155tan\u00ed a vy\u0161\u0161iu flexibilitu kotvy pri pou\u017eit\u00ed pre r\u00f4zne aplik\u00e1cie.<br \/>\nDlh\u00fd z\u00e1vit vyrovn\u00e1va v\u00fdrobn\u00e9 nepresnosti oce\u013eov\u00fdch kon\u0161trukci\u00ed a umo\u017e\u0148uje pou\u017ei\u0165 kotvu pre distan\u010dn\u00fa mont\u00e1\u017e.<br \/>\nOsadenie nieko\u013ek\u00fdmi \u00fadermi kladivom a minim\u00e1lne prek\u013azavanie pri u\u0165ahovan\u00ed kotvy podstatne skracuj\u00fa a zjednodu\u0161uj\u00fa mont\u00e1\u017e.<br \/>\n\u00daderov\u00fd \u010dap na konci kotvy chr\u00e1ni z\u00e1vit pred po\u0161koden\u00edm a umo\u017e\u0148uje pr\u00edpadn\u00fa demont\u00e1\u017e.<\/p>\n","protected":false},"excerpt":{"rendered":"<p>Materi\u00e1l: Oce\u013e, Povrchov\u00e1 \u00faprava: Zinok, L: 126, Pou\u017eitie: Kotvenie, M: 12, d: 12<\/p>\n","protected":false},"featured_media":0,"comment_status":"closed","ping_status":"open","template":"","meta":[],"product_brand":[],"product_cat":[15],"product_tag":[],"class_list":{"0":"post-10056","1":"product","2":"type-product","3":"status-publish","5":"product_cat-uncategorized","7":"first","8":"onbackorder","9":"sale","10":"purchasable","11":"product-type-simple"},"_links":{"self":[{"href":"https:\/\/aramiso-test.verteco.app\/index.php?rest_route=\/wp\/v2\/product\/10056","targetHints":{"allow":["GET"]}}],"collection":[{"href":"https:\/\/aramiso-test.verteco.app\/index.php?rest_route=\/wp\/v2\/product"}],"about":[{"href":"https:\/\/aramiso-test.verteco.app\/index.php?rest_route=\/wp\/v2\/types\/product"}],"replies":[{"embeddable":true,"href":"https:\/\/aramiso-test.verteco.app\/index.php?rest_route=%2Fwp%2Fv2%2Fcomments&post=10056"}],"wp:attachment":[{"href":"https:\/\/aramiso-test.verteco.app\/index.php?rest_route=%2Fwp%2Fv2%2Fmedia&parent=10056"}],"wp:term":[{"taxonomy":"product_brand","embeddable":true,"href":"https:\/\/aramiso-test.verteco.app\/index.php?rest_route=%2Fwp%2Fv2%2Fproduct_brand&post=10056"},{"taxonomy":"product_cat","embeddable":true,"href":"https:\/\/aramiso-test.verteco.app\/index.php?rest_route=%2Fwp%2Fv2%2Fproduct_cat&post=10056"},{"taxonomy":"product_tag","embeddable":true,"href":"https:\/\/aramiso-test.verteco.app\/index.php?rest_route=%2Fwp%2Fv2%2Fproduct_tag&post=10056"}],"curies":[{"name":"wp","href":"https:\/\/api.w.org\/{rel}","templated":true}]}}