{"id":10054,"date":"2025-10-26T12:22:45","date_gmt":"2025-10-26T12:22:45","guid":{"rendered":"https:\/\/aramiso-test.verteco.app\/?product=kotva-pre-distancnu-montaz-bez-tepel-most-m12-m12"},"modified":"2025-10-26T12:22:46","modified_gmt":"2025-10-26T12:22:46","slug":"kotva-pre-distancnu-montaz-bez-tepel-most-m12-m12","status":"publish","type":"product","link":"https:\/\/aramiso-test.verteco.app\/?product=kotva-pre-distancnu-montaz-bez-tepel-most-m12-m12","title":{"rendered":"Kotva pre distan\u010dn\u00fa mont\u00e1\u017e bez tepel. most M12\/M12"},"content":{"rendered":"<p>Vysoko nosn\u00fd di\u0161tan\u010dn\u00fd mont\u00e1\u017eny syst\u00e9m s preru\u0161en\u00edm tepeln\u00e9ho mosta na izolovan\u00fdch a neizolovan\u00fdch povrchoch.<br \/>\nJednoduch\u00e1 a r\u00fdchla in\u0161tal\u00e1cia.<br \/>\nPrvok so zn\u00ed\u017een\u00fdm tepeln\u00fdm mostom na pripojenie a prenos za\u0165a\u017eenia z pripevnenej \u010dasti na podklad.<br \/>\nAdapt\u00e9r na preru\u0161enie tepeln\u00e9ho mosta v plastovom ku\u017eeli preru\u0161uje tepeln\u00fd most a zabra\u0148uje tepeln\u00fdm strat\u00e1m smerom von.<br \/>\nBezpe\u010dn\u00e9 pripojenie so schv\u00e1len\u00edm pre vysok\u00e9 za\u0165a\u017eenie v \u0161irokej \u0161k\u00e1le stavebn\u00fdch materi\u00e1lov.<br \/>\nIndividu\u00e1lne a flexibiln\u00e9 nastavenie d\u013a\u017eky pomocou adapt\u00e9ra s komer\u010dne dostupn\u00fdmi z\u00e1vitov\u00fdmi ty\u010dami.<\/p>\n<p>Oblas\u0165 pou\u017eitia<br \/>\nUpevnenie s n\u00edzkymi tepeln\u00fdmi stratami na izolovan\u00e9 podklady v interi\u00e9roch a exteri\u00e9roch, v sten\u00e1ch, \u010deln\u00e1 izol\u00e1cia na stropoch, nenosn\u00e9 fas\u00e1dy<br \/>\nnapr. mark\u00edzy, pr\u00edstre\u0161ky, po\u0161tov\u00e9 schr\u00e1nky, satelitn\u00e9 syst\u00e9my, osvet\u013eovacie zariadenia, svetl\u00edky, klimatiza\u010dn\u00e9 jednotky, konzoly, mre\u017ee, kovov\u00e9 kon\u0161trukcie, balk\u00f3nov\u00e9 z\u00e1bradlia, z\u00e1steny na balk\u00f3ny at\u010f.<br \/>\nMo\u017eno pou\u017ei\u0165 v r\u00f4znych stavebn\u00fdch materi\u00e1loch<br \/>\nPln\u00e1 a dut\u00e1 v\u00e1penno-pieskov\u00e1 tehla, norm\u00e1lny a \u013eahk\u00fd bet\u00f3n, popraskan\u00fd a nepopraskan\u00fd bet\u00f3n., p\u00f3robet\u00f3n, pln\u00e1 a zvisle dierovan\u00e1 tehla<br \/>\nMo\u017eno pou\u017ei\u0165 vonku, vo vlhk\u00fdch priestoroch a bl\u00edzko mora<br \/>\nVonkaj\u0161ie diely z nehrdzavej\u00facej ocele.<br \/>\nVhodn\u00fd na z\u00e1vla\u010dkov\u00fa in\u0161tal\u00e1ciu<\/p>\n<p>Pr\u00edpojn\u00fd z\u00e1vit &#8211; M12<br \/>\nMateri\u00e1l spojovacieho z\u00e1vitu &#8211; Nehrdzavej\u00faca oce\u013e A4<br \/>\nPriemer z\u00e1vitovej ty\u010de &#8211; M12<br \/>\nD\u013a\u017eka &#8211; 80mm<\/p>\n","protected":false},"excerpt":{"rendered":"<p>Materi\u00e1l: Nerez AISI 304\/PVC, L: 110, Kotvenie: Na stenu<\/p>\n","protected":false},"featured_media":0,"comment_status":"closed","ping_status":"open","template":"","meta":[],"product_brand":[],"product_cat":[15],"product_tag":[],"class_list":{"0":"post-10054","1":"product","2":"type-product","3":"status-publish","5":"product_cat-uncategorized","7":"first","8":"instock","9":"sale","10":"purchasable","11":"product-type-simple"},"_links":{"self":[{"href":"https:\/\/aramiso-test.verteco.app\/index.php?rest_route=\/wp\/v2\/product\/10054","targetHints":{"allow":["GET"]}}],"collection":[{"href":"https:\/\/aramiso-test.verteco.app\/index.php?rest_route=\/wp\/v2\/product"}],"about":[{"href":"https:\/\/aramiso-test.verteco.app\/index.php?rest_route=\/wp\/v2\/types\/product"}],"replies":[{"embeddable":true,"href":"https:\/\/aramiso-test.verteco.app\/index.php?rest_route=%2Fwp%2Fv2%2Fcomments&post=10054"}],"wp:attachment":[{"href":"https:\/\/aramiso-test.verteco.app\/index.php?rest_route=%2Fwp%2Fv2%2Fmedia&parent=10054"}],"wp:term":[{"taxonomy":"product_brand","embeddable":true,"href":"https:\/\/aramiso-test.verteco.app\/index.php?rest_route=%2Fwp%2Fv2%2Fproduct_brand&post=10054"},{"taxonomy":"product_cat","embeddable":true,"href":"https:\/\/aramiso-test.verteco.app\/index.php?rest_route=%2Fwp%2Fv2%2Fproduct_cat&post=10054"},{"taxonomy":"product_tag","embeddable":true,"href":"https:\/\/aramiso-test.verteco.app\/index.php?rest_route=%2Fwp%2Fv2%2Fproduct_tag&post=10054"}],"curies":[{"name":"wp","href":"https:\/\/api.w.org\/{rel}","templated":true}]}}