{"id":10050,"date":"2025-10-26T12:22:36","date_gmt":"2025-10-26T12:22:36","guid":{"rendered":"https:\/\/aramiso-test.verteco.app\/?product=kotva-ocelova-pre-velke-zatazenie-so-zapustnou-hlavou"},"modified":"2025-10-26T12:22:40","modified_gmt":"2025-10-26T12:22:40","slug":"kotva-ocelova-pre-velke-zatazenie-so-zapustnou-hlavou","status":"publish","type":"product","link":"https:\/\/aramiso-test.verteco.app\/?product=kotva-ocelova-pre-velke-zatazenie-so-zapustnou-hlavou","title":{"rendered":"Kotva oce\u013eov\u00e1 pre ve\u013ek\u00e9 za\u0165a\u017eenie so z\u00e1pustnou hlavou"},"content":{"rendered":"<p>Fischer FH II SK je vysoko z\u00e1\u0165a\u017eov\u00e1 pl\u00e1\u0161\u0165ov\u00e1 kotva z galvanicky zinkovanej ocele s skrutkou so z\u00e1pustnou hlavou.<br \/>\nPrievla\u010dn\u00e1 mont\u00e1\u017e \u0161etr\u00ed \u010das. <br \/> <br \/>\nPri u\u0165ahovan\u00ed skrutky je rozpern\u00fd ku\u017ee\u013e v\u0165ahovan\u00fd do tela kotvy a zaprie ho proti stene vyv\u0155tan\u00e9ho otvoru. \u010cierny prstenec z plastu zabra\u0148uje rozpernej \u010dasti v preto\u010den\u00ed a absorbuje posun kotvy pri u\u0165ahovan\u00ed. T\u00fdm je kotven\u00fd predmet pri\u0165ahovan\u00fd ku kotevn\u00e9mu podkladu. <br \/> <br \/>\nKotva pre vysok\u00e9 z\u00e1\u0165a\u017eenie je vhodn\u00e1 na upevnenie z\u00e1bradl\u00ed, schodiskov\u00fdch kon\u0161trukci\u00ed a rebr\u00edkov do trhlinov\u00e9ho a netrhlinov\u00e9ho bet\u00f3nu.<\/p>\n<p>Z\u00e1pustn\u00e1 hlava je vhodn\u00e1 pre mont\u00e1\u017e do roviny s povrchom upev\u0148ovan\u00e9ho predmetu.<br \/>\nMedzin\u00e1rodne certifik\u00e1ty garantuj\u00fa najvy\u0161\u0161iu bezpe\u010dnos\u0165 a ETA umo\u017e\u0148uje pou\u017ei\u0165 kotvu pre aplik\u00e1cie v oblastiach so seizmick\u00fdm za\u0165a\u017een\u00edm kateg\u00f3rie C1 a C2.<br \/>\nSpolup\u00f4sobenie skrutky a pl\u00e1\u0161\u0165a kotvy zna\u010dne zvy\u0161uje \u0161mykov\u00fa \u00fanosnos\u0165, a tak je mo\u017en\u00e9 zn\u00ed\u017ei\u0165 po\u010det kotevn\u00fdch bodov.<br \/>\nOptimalizovan\u00fd tvar kotvy \u0161etr\u00ed silu pri jej osadzovan\u00ed<\/p>\n<p>Osved\u010denie ETA: \u00c1NO<br \/>\nPriemer vrt\u00e1ku (d0): 12 mm<br \/>\nMin. h\u013abka v\u0155tan\u00e9ho otvoru pri prievla\u010dnej mont\u00e1\u017ei (h2): 130 mm<br \/>\nMax. hr\u00fabka upev\u0148ovan\u00e9ho predmetu (t fix): 50 mm<br \/>\nZ\u00e1vit (M): M8<br \/>\nObal: Krabi\u010dka<br \/>\nBalenie: 25Ks<br \/>\nGTIN (EAN-Code): 4006209449196<br \/>\nSeizmick\u00fd certifik\u00e1t: C1 \/ C2<\/p>\n","protected":false},"excerpt":{"rendered":"<p>Materi\u00e1l: Oce\u013e, Povrchov\u00e1 \u00faprava: Zinok, L: 125, Pou\u017eitie: Kotvenie, M: 8, d: 12<\/p>\n","protected":false},"featured_media":0,"comment_status":"closed","ping_status":"open","template":"","meta":[],"product_brand":[],"product_cat":[15],"product_tag":[],"class_list":{"0":"post-10050","1":"product","2":"type-product","3":"status-publish","5":"product_cat-uncategorized","7":"first","8":"onbackorder","9":"sale","10":"purchasable","11":"product-type-simple"},"_links":{"self":[{"href":"https:\/\/aramiso-test.verteco.app\/index.php?rest_route=\/wp\/v2\/product\/10050","targetHints":{"allow":["GET"]}}],"collection":[{"href":"https:\/\/aramiso-test.verteco.app\/index.php?rest_route=\/wp\/v2\/product"}],"about":[{"href":"https:\/\/aramiso-test.verteco.app\/index.php?rest_route=\/wp\/v2\/types\/product"}],"replies":[{"embeddable":true,"href":"https:\/\/aramiso-test.verteco.app\/index.php?rest_route=%2Fwp%2Fv2%2Fcomments&post=10050"}],"wp:attachment":[{"href":"https:\/\/aramiso-test.verteco.app\/index.php?rest_route=%2Fwp%2Fv2%2Fmedia&parent=10050"}],"wp:term":[{"taxonomy":"product_brand","embeddable":true,"href":"https:\/\/aramiso-test.verteco.app\/index.php?rest_route=%2Fwp%2Fv2%2Fproduct_brand&post=10050"},{"taxonomy":"product_cat","embeddable":true,"href":"https:\/\/aramiso-test.verteco.app\/index.php?rest_route=%2Fwp%2Fv2%2Fproduct_cat&post=10050"},{"taxonomy":"product_tag","embeddable":true,"href":"https:\/\/aramiso-test.verteco.app\/index.php?rest_route=%2Fwp%2Fv2%2Fproduct_tag&post=10050"}],"curies":[{"name":"wp","href":"https:\/\/api.w.org\/{rel}","templated":true}]}}