{"id":10047,"date":"2025-08-03T12:08:20","date_gmt":"2025-08-03T12:08:20","guid":{"rendered":"https:\/\/aramiso-test.verteco.app\/?product=kotva-ocelova-ttb10-d12-l40mm"},"modified":"2025-08-03T12:08:26","modified_gmt":"2025-08-03T12:08:26","slug":"kotva-ocelova-ttb10-d12-l40mm","status":"publish","type":"product","link":"https:\/\/aramiso-test.verteco.app\/?product=kotva-ocelova-ttb10-d12-l40mm","title":{"rendered":"Kotva oce\u013eov\u00e1 TTB10 d12, L40mm"},"content":{"rendered":"<p>Oce\u013eov\u00e1 expanzn\u00e1 kotva poh\u00e1\u0148an\u00e1 n\u00e1razom, vhodn\u00e1 pre \u0165a\u017ek\u00e9 upevnenie na pevn\u00fdch podper\u00e1ch.<\/p>\n<p>\u2022 V\u010faka svojim mal\u00fdm rozmerom je vhodn\u00fd na pou\u017eitie na bet\u00f3nov\u00fdch prvkoch s \u00fazkou hr\u00fabkou alebo hustou v\u00fdstu\u017eou<br \/>\n\u2022 Jednoduch\u00e1 in\u0161tal\u00e1cia aj v bl\u00edzkosti vo\u013en\u00fdch hr\u00e1n a so zmen\u0161en\u00fdm rozostupom<br \/>\n\u2022 Roztiahnutie kotvy nast\u00e1va v\u010faka n\u00e1razu vn\u00fatorn\u00e9ho oce\u013eov\u00e9ho ku\u017ee\u013ea, tak\u017ee je nez\u00e1visl\u00e9 od utiahnutia skrutky<br \/>\n\u2022 Vhodn\u00e9 pre upev\u0148ovacie prvky, ktor\u00e9 vy\u017eaduj\u00fa z\u00e1vitov\u00fa vlo\u017eku do steny, na upevnenie z\u00e1vitov\u00fdch kol\u00edkov, skrutiek s okom, skrutiek alebo h\u00e1kov<br \/>\n\u2022 Ide\u00e1lne pre pr\u00e1ce vy\u017eaduj\u00face z\u00e1vesy so z\u00e1vitov\u00fdmi ty\u010dami na bet\u00f3nov\u00fdch stropoch pre termohydraulick\u00e9 zariadenia, z\u00e1vesn\u00e9 potrubia, k\u00e1blov\u00e9 dr\u017eiaky<br \/>\n\u2022 Dostupn\u00e9 v pozinkovanej oceli &#8211; s britom alebo bez britu &#8211; a v nerezovej oceli<\/p>\n<p>Aplik\u00e1cia<br \/>\nVhodn\u00e9 pre pevn\u00e9 podpery: bet\u00f3n, kame\u0148. Ur\u010den\u00e9 na prevliekacie zap\u00ednanie.<\/p>\n","protected":false},"excerpt":{"rendered":"<p>Materi\u00e1l: Oce\u013e, Pou\u017eitie: Kotvenie<\/p>\n","protected":false},"featured_media":0,"comment_status":"closed","ping_status":"open","template":"","meta":[],"product_brand":[],"product_cat":[15],"product_tag":[],"class_list":{"0":"post-10047","1":"product","2":"type-product","3":"status-publish","5":"product_cat-uncategorized","7":"first","8":"onbackorder","9":"sale","10":"purchasable","11":"product-type-simple"},"_links":{"self":[{"href":"https:\/\/aramiso-test.verteco.app\/index.php?rest_route=\/wp\/v2\/product\/10047","targetHints":{"allow":["GET"]}}],"collection":[{"href":"https:\/\/aramiso-test.verteco.app\/index.php?rest_route=\/wp\/v2\/product"}],"about":[{"href":"https:\/\/aramiso-test.verteco.app\/index.php?rest_route=\/wp\/v2\/types\/product"}],"replies":[{"embeddable":true,"href":"https:\/\/aramiso-test.verteco.app\/index.php?rest_route=%2Fwp%2Fv2%2Fcomments&post=10047"}],"wp:attachment":[{"href":"https:\/\/aramiso-test.verteco.app\/index.php?rest_route=%2Fwp%2Fv2%2Fmedia&parent=10047"}],"wp:term":[{"taxonomy":"product_brand","embeddable":true,"href":"https:\/\/aramiso-test.verteco.app\/index.php?rest_route=%2Fwp%2Fv2%2Fproduct_brand&post=10047"},{"taxonomy":"product_cat","embeddable":true,"href":"https:\/\/aramiso-test.verteco.app\/index.php?rest_route=%2Fwp%2Fv2%2Fproduct_cat&post=10047"},{"taxonomy":"product_tag","embeddable":true,"href":"https:\/\/aramiso-test.verteco.app\/index.php?rest_route=%2Fwp%2Fv2%2Fproduct_tag&post=10047"}],"curies":[{"name":"wp","href":"https:\/\/api.w.org\/{rel}","templated":true}]}}