{"id":10042,"date":"2025-08-05T11:02:16","date_gmt":"2025-08-05T11:02:16","guid":{"rendered":"https:\/\/aramiso-test.verteco.app\/?product=prievlacna-kotva-do-betonu-pozinkovana-m16x138mm"},"modified":"2025-08-05T11:02:17","modified_gmt":"2025-08-05T11:02:17","slug":"prievlacna-kotva-do-betonu-pozinkovana-m16x138mm","status":"publish","type":"product","link":"https:\/\/aramiso-test.verteco.app\/?product=prievlacna-kotva-do-betonu-pozinkovana-m16x138mm","title":{"rendered":"Prievla\u010dn\u00e1 kotva do bet\u00f3nu, pozinkovan\u00e1, M16x138mm"},"content":{"rendered":"<p>Prievla\u010dn\u00e1 kotva pre \u0161tandardn\u00e9 aplik\u00e1cie v nepopraskanom bet\u00f3ne.<br \/>\nPozinkovan\u00e1 oce\u013e<\/p>\n<p>Ve\u013emi flexibiln\u00e1 aplik\u00e1cia v\u010faka 3 \u00fa\u010dinn\u00fdm h\u013abkam ukotvenia<br \/>\nMal\u00e9 osov\u00e9 a okrajov\u00e9 vzdialenosti<br \/>\n\u010casovo \u00fasporn\u00e1 in\u0161tal\u00e1cia na mieste<\/p>\n<p>Oblas\u0165 pou\u017eitia:<\/p>\n<p>Individu\u00e1lne alebo viacn\u00e1sobn\u00e9 upevnenie schv\u00e1len\u00e9 v bet\u00f3ne \u0161tandardnej hmotnosti C20\/25 a\u017e C50\/60 (len nepopraskan\u00fd bet\u00f3n)<br \/>\nNa pou\u017eitie v bet\u00f3ne &lt; C20\/25 a pr\u00edrodnom kameni odolnom vo\u010di tlaku bez schv\u00e1lenia<br \/>\nVhodn\u00e1 na ukotvenie stredn\u00fdch a\u017e \u0165a\u017ek\u00fdch z\u00e1\u0165a\u017e\u00ed v bet\u00f3ne: mont\u00e1\u017e napr. kovov\u00fdch kon\u0161trukci\u00ed, kovov\u00fdch profilov, konzol, z\u00e1kladn\u00fdch dosiek, k\u00e1blov\u00fdch veden\u00ed, potrub\u00ed, dreven\u00fdch kon\u0161trukci\u00ed, nosn\u00edkov, v\u00e4zn\u00edc, plotov at\u010f.<br \/>\nKotva z galvanizovanej ocele je vhodn\u00e1 na pou\u017eitie v such\u00fdch vn\u00fatorn\u00fdch priestoroch<\/p>\n","protected":false},"excerpt":{"rendered":"<p>Materi\u00e1l: Oce\u013e, Pou\u017eitie: Kotvenie<\/p>\n","protected":false},"featured_media":0,"comment_status":"closed","ping_status":"open","template":"","meta":[],"product_brand":[],"product_cat":[15],"product_tag":[],"class_list":{"0":"post-10042","1":"product","2":"type-product","3":"status-publish","5":"product_cat-uncategorized","7":"first","8":"instock","9":"sale","10":"purchasable","11":"product-type-simple"},"_links":{"self":[{"href":"https:\/\/aramiso-test.verteco.app\/index.php?rest_route=\/wp\/v2\/product\/10042","targetHints":{"allow":["GET"]}}],"collection":[{"href":"https:\/\/aramiso-test.verteco.app\/index.php?rest_route=\/wp\/v2\/product"}],"about":[{"href":"https:\/\/aramiso-test.verteco.app\/index.php?rest_route=\/wp\/v2\/types\/product"}],"replies":[{"embeddable":true,"href":"https:\/\/aramiso-test.verteco.app\/index.php?rest_route=%2Fwp%2Fv2%2Fcomments&post=10042"}],"wp:attachment":[{"href":"https:\/\/aramiso-test.verteco.app\/index.php?rest_route=%2Fwp%2Fv2%2Fmedia&parent=10042"}],"wp:term":[{"taxonomy":"product_brand","embeddable":true,"href":"https:\/\/aramiso-test.verteco.app\/index.php?rest_route=%2Fwp%2Fv2%2Fproduct_brand&post=10042"},{"taxonomy":"product_cat","embeddable":true,"href":"https:\/\/aramiso-test.verteco.app\/index.php?rest_route=%2Fwp%2Fv2%2Fproduct_cat&post=10042"},{"taxonomy":"product_tag","embeddable":true,"href":"https:\/\/aramiso-test.verteco.app\/index.php?rest_route=%2Fwp%2Fv2%2Fproduct_tag&post=10042"}],"curies":[{"name":"wp","href":"https:\/\/api.w.org\/{rel}","templated":true}]}}