{"id":10034,"date":"2025-08-03T12:08:02","date_gmt":"2025-08-03T12:08:02","guid":{"rendered":"https:\/\/aramiso-test.verteco.app\/?product=kotvenie-plota-do-steny-150x30-30x5mm"},"modified":"2025-08-03T12:08:20","modified_gmt":"2025-08-03T12:08:20","slug":"kotvenie-plota-do-steny-150x30-30x5mm","status":"publish","type":"product","link":"https:\/\/aramiso-test.verteco.app\/?product=kotvenie-plota-do-steny-150x30-30x5mm","title":{"rendered":"Kotvenie plota do steny 150&#215;30, 30x5mm"},"content":{"rendered":"<p>Kotva s roxorom na kotvenie plota do betonov\u00e9ho st\u013apika, d\u013a\u017eka 150mm, \u0161\u00edrka 30mm, u\u0161ko z materi\u00e1lu 30x5mm, otvor ov\u00e1lny 35x10mm, roxor D10mm, v pozinkovanom stave.<\/p>\n","protected":false},"excerpt":{"rendered":"<p>Materi\u00e1l: Oce\u013e, Povrchov\u00e1 \u00faprava: Zinok, d: 10<\/p>\n","protected":false},"featured_media":0,"comment_status":"closed","ping_status":"open","template":"","meta":[],"product_brand":[],"product_cat":[15],"product_tag":[],"class_list":{"0":"post-10034","1":"product","2":"type-product","3":"status-publish","5":"product_cat-uncategorized","7":"first","8":"onbackorder","9":"sale","10":"purchasable","11":"product-type-simple"},"_links":{"self":[{"href":"https:\/\/aramiso-test.verteco.app\/index.php?rest_route=\/wp\/v2\/product\/10034","targetHints":{"allow":["GET"]}}],"collection":[{"href":"https:\/\/aramiso-test.verteco.app\/index.php?rest_route=\/wp\/v2\/product"}],"about":[{"href":"https:\/\/aramiso-test.verteco.app\/index.php?rest_route=\/wp\/v2\/types\/product"}],"replies":[{"embeddable":true,"href":"https:\/\/aramiso-test.verteco.app\/index.php?rest_route=%2Fwp%2Fv2%2Fcomments&post=10034"}],"wp:attachment":[{"href":"https:\/\/aramiso-test.verteco.app\/index.php?rest_route=%2Fwp%2Fv2%2Fmedia&parent=10034"}],"wp:term":[{"taxonomy":"product_brand","embeddable":true,"href":"https:\/\/aramiso-test.verteco.app\/index.php?rest_route=%2Fwp%2Fv2%2Fproduct_brand&post=10034"},{"taxonomy":"product_cat","embeddable":true,"href":"https:\/\/aramiso-test.verteco.app\/index.php?rest_route=%2Fwp%2Fv2%2Fproduct_cat&post=10034"},{"taxonomy":"product_tag","embeddable":true,"href":"https:\/\/aramiso-test.verteco.app\/index.php?rest_route=%2Fwp%2Fv2%2Fproduct_tag&post=10034"}],"curies":[{"name":"wp","href":"https:\/\/api.w.org\/{rel}","templated":true}]}}