{"id":10032,"date":"2025-10-26T12:22:36","date_gmt":"2025-10-26T12:22:36","guid":{"rendered":"https:\/\/aramiso-test.verteco.app\/?product=skrabka-pes-cast-iron-black"},"modified":"2025-10-26T12:22:36","modified_gmt":"2025-10-26T12:22:36","slug":"skrabka-pes-cast-iron-black","status":"publish","type":"product","link":"https:\/\/aramiso-test.verteco.app\/?product=skrabka-pes-cast-iron-black","title":{"rendered":"\u0160krabka PES cast iron, black"},"content":{"rendered":"<p>Pes liatinov\u00fd, sl\u00fa\u017ei na \u010distenie spodnej \u010dasti obuvi od blata, d\u013a\u017eka 330mm, v\u00fd\u0161ka 120mm, \u0161\u00edrka 120mm, materi\u00e1l liatina, dut\u00e1. Povrchova \u00faprava \u010diern\u00e1 farba.<\/p>\n","protected":false},"excerpt":{"rendered":"<p>Materi\u00e1l: Liatina<\/p>\n","protected":false},"featured_media":0,"comment_status":"closed","ping_status":"open","template":"","meta":[],"product_brand":[],"product_cat":[15],"product_tag":[],"class_list":{"0":"post-10032","1":"product","2":"type-product","3":"status-publish","5":"product_cat-uncategorized","7":"first","8":"instock","9":"sale","10":"purchasable","11":"product-type-simple"},"_links":{"self":[{"href":"https:\/\/aramiso-test.verteco.app\/index.php?rest_route=\/wp\/v2\/product\/10032","targetHints":{"allow":["GET"]}}],"collection":[{"href":"https:\/\/aramiso-test.verteco.app\/index.php?rest_route=\/wp\/v2\/product"}],"about":[{"href":"https:\/\/aramiso-test.verteco.app\/index.php?rest_route=\/wp\/v2\/types\/product"}],"replies":[{"embeddable":true,"href":"https:\/\/aramiso-test.verteco.app\/index.php?rest_route=%2Fwp%2Fv2%2Fcomments&post=10032"}],"wp:attachment":[{"href":"https:\/\/aramiso-test.verteco.app\/index.php?rest_route=%2Fwp%2Fv2%2Fmedia&parent=10032"}],"wp:term":[{"taxonomy":"product_brand","embeddable":true,"href":"https:\/\/aramiso-test.verteco.app\/index.php?rest_route=%2Fwp%2Fv2%2Fproduct_brand&post=10032"},{"taxonomy":"product_cat","embeddable":true,"href":"https:\/\/aramiso-test.verteco.app\/index.php?rest_route=%2Fwp%2Fv2%2Fproduct_cat&post=10032"},{"taxonomy":"product_tag","embeddable":true,"href":"https:\/\/aramiso-test.verteco.app\/index.php?rest_route=%2Fwp%2Fv2%2Fproduct_tag&post=10032"}],"curies":[{"name":"wp","href":"https:\/\/api.w.org\/{rel}","templated":true}]}}