{"id":10027,"date":"2025-08-03T12:08:02","date_gmt":"2025-08-03T12:08:02","guid":{"rendered":"https:\/\/aramiso-test.verteco.app\/?product=konzola-na-policu-210x265mm-black"},"modified":"2025-08-03T12:08:13","modified_gmt":"2025-08-03T12:08:13","slug":"konzola-na-policu-210x265mm-black","status":"publish","type":"product","link":"https:\/\/aramiso-test.verteco.app\/?product=konzola-na-policu-210x265mm-black","title":{"rendered":"Konzola na policu 210x265mm, black"},"content":{"rendered":"<p>Kovan\u00e9 konzoly s ornamentmi sa hodia do elegantn\u00fdch interi\u00e9rov &#8211; ob\u00fdva\u010diek a izieb so zauj\u00edmav\u00fdm vzh\u013eadom.<br \/>\nPrid\u00e1vaj\u00fa im d\u00f4stojnos\u0165 a v\u00e1\u017enos\u0165. Dekorat\u00edvne v ka\u017edej podrobnosti, vr\u00e1tanie kone\u010dnej \u00fapravy.<\/p>\n","protected":false},"excerpt":{"rendered":"<p>Materi\u00e1l: Oce\u013e<\/p>\n","protected":false},"featured_media":0,"comment_status":"closed","ping_status":"open","template":"","meta":[],"product_brand":[],"product_cat":[15],"product_tag":[],"class_list":{"0":"post-10027","1":"product","2":"type-product","3":"status-publish","5":"product_cat-uncategorized","7":"first","8":"onbackorder","9":"sale","10":"purchasable","11":"product-type-simple"},"_links":{"self":[{"href":"https:\/\/aramiso-test.verteco.app\/index.php?rest_route=\/wp\/v2\/product\/10027","targetHints":{"allow":["GET"]}}],"collection":[{"href":"https:\/\/aramiso-test.verteco.app\/index.php?rest_route=\/wp\/v2\/product"}],"about":[{"href":"https:\/\/aramiso-test.verteco.app\/index.php?rest_route=\/wp\/v2\/types\/product"}],"replies":[{"embeddable":true,"href":"https:\/\/aramiso-test.verteco.app\/index.php?rest_route=%2Fwp%2Fv2%2Fcomments&post=10027"}],"wp:attachment":[{"href":"https:\/\/aramiso-test.verteco.app\/index.php?rest_route=%2Fwp%2Fv2%2Fmedia&parent=10027"}],"wp:term":[{"taxonomy":"product_brand","embeddable":true,"href":"https:\/\/aramiso-test.verteco.app\/index.php?rest_route=%2Fwp%2Fv2%2Fproduct_brand&post=10027"},{"taxonomy":"product_cat","embeddable":true,"href":"https:\/\/aramiso-test.verteco.app\/index.php?rest_route=%2Fwp%2Fv2%2Fproduct_cat&post=10027"},{"taxonomy":"product_tag","embeddable":true,"href":"https:\/\/aramiso-test.verteco.app\/index.php?rest_route=%2Fwp%2Fv2%2Fproduct_tag&post=10027"}],"curies":[{"name":"wp","href":"https:\/\/api.w.org\/{rel}","templated":true}]}}