{"id":10011,"date":"2025-08-03T12:07:00","date_gmt":"2025-08-03T12:07:00","guid":{"rendered":"https:\/\/aramiso-test.verteco.app\/?product=kohut-na-strechu-1300x650mm-cu"},"modified":"2025-08-03T12:07:16","modified_gmt":"2025-08-03T12:07:16","slug":"kohut-na-strechu-1300x650mm-cu","status":"publish","type":"product","link":"https:\/\/aramiso-test.verteco.app\/?product=kohut-na-strechu-1300x650mm-cu","title":{"rendered":"Koh\u00fat na strechu 1300x650mm, Cu"},"content":{"rendered":"<p>Koh\u00fat ozdobn\u00fd, ukazovate\u013e smeru vetra, ukazovate\u013e svetov\u00fdch str\u00e1n, v\u00fd\u0161ka 1300mm, \u0161\u00edrka 650mm. Koh\u00fat, svetov\u00e9 strany a gu\u013ea pod nimi je z meden\u00e9ho plechu, ostatn\u00e9 \u010dasti s\u00fa oce\u013eov\u00e9, upraven\u00e9 \u010diernou farbou. Dod\u00e1va sa v demonte.<\/p>\n","protected":false},"excerpt":{"rendered":"<p>Materi\u00e1l: Me\u010f<\/p>\n","protected":false},"featured_media":0,"comment_status":"closed","ping_status":"open","template":"","meta":[],"product_brand":[],"product_cat":[15],"product_tag":[],"class_list":{"0":"post-10011","1":"product","2":"type-product","3":"status-publish","5":"product_cat-uncategorized","7":"first","8":"onbackorder","9":"sale","10":"purchasable","11":"product-type-simple"},"_links":{"self":[{"href":"https:\/\/aramiso-test.verteco.app\/index.php?rest_route=\/wp\/v2\/product\/10011","targetHints":{"allow":["GET"]}}],"collection":[{"href":"https:\/\/aramiso-test.verteco.app\/index.php?rest_route=\/wp\/v2\/product"}],"about":[{"href":"https:\/\/aramiso-test.verteco.app\/index.php?rest_route=\/wp\/v2\/types\/product"}],"replies":[{"embeddable":true,"href":"https:\/\/aramiso-test.verteco.app\/index.php?rest_route=%2Fwp%2Fv2%2Fcomments&post=10011"}],"wp:attachment":[{"href":"https:\/\/aramiso-test.verteco.app\/index.php?rest_route=%2Fwp%2Fv2%2Fmedia&parent=10011"}],"wp:term":[{"taxonomy":"product_brand","embeddable":true,"href":"https:\/\/aramiso-test.verteco.app\/index.php?rest_route=%2Fwp%2Fv2%2Fproduct_brand&post=10011"},{"taxonomy":"product_cat","embeddable":true,"href":"https:\/\/aramiso-test.verteco.app\/index.php?rest_route=%2Fwp%2Fv2%2Fproduct_cat&post=10011"},{"taxonomy":"product_tag","embeddable":true,"href":"https:\/\/aramiso-test.verteco.app\/index.php?rest_route=%2Fwp%2Fv2%2Fproduct_tag&post=10011"}],"curies":[{"name":"wp","href":"https:\/\/api.w.org\/{rel}","templated":true}]}}